{"id":2978,"date":"2016-08-21T10:18:47","date_gmt":"2016-08-21T08:18:47","guid":{"rendered":"https:\/\/www.obsidiansoft.com\/?page_id=2978"},"modified":"2024-05-13T22:05:45","modified_gmt":"2024-05-13T20:05:45","slug":"data2text","status":"publish","type":"page","link":"https:\/\/www.obsidiansoft.com\/en\/data2text\/","title":{"rendered":"Obsidian Data2text \u00b7 Automatic interpretation in natural language"},"content":{"rendered":"<div class=\"wpb-content-wrapper\"><p>[vc_row row_type=&#8221;parallax&#8221; parallax_content_width=&#8221;in_grid&#8221; anchor=&#8221;home&#8221; text_align=&#8221;left&#8221; background_image=&#8221;2838&#8243; full_screen_section_height=&#8221;no&#8221; section_height=&#8221;600&#8243;][vc_column][qode_elements_holder number_of_columns=&#8221;one_column&#8221;][qode_elements_holder_item item_padding=&#8221;0 0 48% 0&#8243; vertical_alignment=&#8221;middle&#8221; advanced_animations=&#8221;no&#8221; item_padding_1024_1280=&#8221;0 0 43% 0&#8243; item_padding_768_1024=&#8221;14% 17% 4% 0&#8243; item_padding_600_768=&#8221;14% 17% 4%0&#8243; item_padding_480_600=&#8221;4% 4% 4% 4%&#8221; item_padding_480=&#8221;4% 4% 4% 4%&#8221;][vc_empty_space height=&#8221;0px&#8221; el_class=&#8221;responseSpace&#8221;][vc_column_text]<\/p>\n<div>\n<h1 style=\"color: #ffffff; font-size: 60px; line-height: 60px; font-family: 'Hind Siliguri'; font-style: normal; font-weight: 500; text-shadow: #888888 1px 1px 1px; letter-spacing: 0px; text-transform: none; text-align: right;\">Obsidian presents data2text<\/h1>\n<\/div>\n<p>[\/vc_column_text][vc_empty_space][vc_column_text]<\/p>\n<p class=\"q_slide_text\" style=\"color: #000000; font-size: 33px; line-height: 40px; font-family: 'Hind Siliguri'; font-style: normal; font-weight: 300; text-align: right;\">A new way to view reality<\/p>\n<p>[\/vc_column_text][vc_empty_space height=&#8221;39px&#8221;][\/qode_elements_holder_item][\/qode_elements_holder][\/vc_column][\/vc_row][vc_row css_animation=&#8221;&#8221; row_type=&#8221;row&#8221; use_row_as_full_screen_section=&#8221;no&#8221; type=&#8221;grid&#8221; anchor=&#8221;features&#8221; angled_section=&#8221;yes&#8221; angled_section_position=&#8221;top&#8221; angled_section_direction=&#8221;from_right_to_left&#8221; text_align=&#8221;left&#8221; background_image_as_pattern=&#8221;without_pattern&#8221; background_color=&#8221;#ffffff&#8221; css=&#8221;.vc_custom_1485097510194{padding-top: 86px !important;padding-bottom: 0px !important;}&#8221;][vc_column width=&#8221;1\/2&#8243; offset=&#8221;vc_col-lg-6 vc_col-md-6&#8243;][vc_column_text]<\/p>\n<h3>Data2Text \u00b7 NLG Technology applied to IT Service Management<\/h3>\n<p>[\/vc_column_text][vc_column_text]One of Obsidian&#8217;s differentiating characteristics is its ability to incorporate automatic interpretation\u00a0in natural language of data displayed in dashboards, reports, and notifications.<\/p>\n<p>&nbsp;<\/p>\n<p>This data2text feature requires no extra configuration and is included in both the Professional and Enterprise editions. It is available in all 5 languages supported by Obsidian: Spanish, Portuguese, English, French and Catalan.<\/p>\n<p>&nbsp;<\/p>\n<p>As shown in the following video, real-time service information showing availability, capacity, service desk and service level can be collected from any service dashboard by simply running the cursor over each area.[\/vc_column_text][\/vc_column][vc_column width=&#8221;1\/2&#8243; offset=&#8221;vc_col-lg-6 vc_col-md-6&#8243;][vc_column_text]<\/p>\n<div style=\"width: 1060px;\" class=\"wp-video\"><video class=\"wp-video-shortcode\" id=\"video-2978-1\" width=\"1060\" height=\"663\" preload=\"metadata\" controls=\"controls\"><source type=\"video\/mp4\" src=\"https:\/\/www.obsidiansoft.com\/wp-content\/uploads\/obsidian-EN-data2text.mp4?_=1\" \/><a href=\"https:\/\/www.obsidiansoft.com\/wp-content\/uploads\/obsidian-EN-data2text.mp4\">https:\/\/www.obsidiansoft.com\/wp-content\/uploads\/obsidian-EN-data2text.mp4<\/a><\/video><\/div>\n<p>[\/vc_column_text][\/vc_column][\/vc_row][vc_row css_animation=&#8221;&#8221; row_type=&#8221;row&#8221; use_row_as_full_screen_section=&#8221;no&#8221; type=&#8221;grid&#8221; angled_section=&#8221;no&#8221; text_align=&#8221;left&#8221; background_image_as_pattern=&#8221;without_pattern&#8221; background_color=&#8221;#ffffff&#8221; css=&#8221;.vc_custom_1485097698804{padding-top: 20px !important;padding-right: 50px !important;padding-left: 50px !important;}&#8221;][vc_column][vc_column_text]This interpretation incorporates important quantitative and qualitative information for the user such as the following examples:<\/p>\n<ul>\n<li>Incorporation of comparative data: Analysis of month on month data, current vs. projected data, daily averages or any given thresholds.<\/li>\n<li>Root cause analysis: If the source of an event is an element of the service itself or a service dependency, whilst following cause-and-effect relationships defined during the modelling stage.<\/li>\n<li>Adaptation of text to each individual: profile-specific information for technical roles, IT management, business, clients, etc.<\/li>\n<li>Incorporation of progress reporting: Explanation of accumulated\u00a0down-time, time remaining until SLA breach, etc.<\/li>\n<li>Damage assessment reporting: Evaluate the impact of each event on availability and service level once services are restored.<\/li>\n<\/ul>\n<p>&nbsp;<\/p>\n<p>No other tool on the market offers these types of features. Data2text is the product of a collaborative effort between Obsidian and the <a href=\"https:\/\/citius.usc.es\/?language=en\">Intelligent Systems unit of the Research Centre for Information Technology at the University of Santiago de Compostela (CiTIUS, <em>Centro de Investigaci\u00f3n en Tecnolog\u00edas de la Informaci\u00f3n de la Universidad de Santiago de Compostela<\/em>)<\/a>.[\/vc_column_text][vc_column_text css=&#8221;.vc_custom_1471772559518{margin-top: 20px !important;margin-bottom: 10px !important;}&#8221;][\/vc_column_text][\/vc_column][\/vc_row][vc_row css_animation=&#8221;&#8221; row_type=&#8221;row&#8221; use_row_as_full_screen_section=&#8221;no&#8221; type=&#8221;grid&#8221; angled_section=&#8221;yes&#8221; angled_section_position=&#8221;bottom&#8221; angled_section_direction=&#8221;from_right_to_left&#8221; text_align=&#8221;left&#8221; background_image_as_pattern=&#8221;without_pattern&#8221; background_color=&#8221;#ffffff&#8221;][vc_column width=&#8221;1\/2&#8243;][vc_column_text]<\/p>\n<h2><strong>ADDITIONAL INFORMATION<\/strong><\/h2>\n<p>If you are interested in obtaining further information regarding data2text or any other Obsidian feature, please get in contact via the following contact form.<\/p>\n<p>&nbsp;<\/p>\n<p><strong>NOTE\u00a0<\/strong><\/p>\n<p>Only professional email addresses will be accepted. Any requests from Gmail, Yahoo, Hotmail or similar accounts will be ignored.<\/p>\n<p>&nbsp;<\/p>\n<p>Personal data collected through this form is to be used only for the purpose of attending your request. You may exercise your rights to access, rectification, and cancellation by applying in writing to Obsidian Soft, Av. General Per\u00f3n 29, planta 16 \u00b7 28020 \u00b7 Madrid.[\/vc_column_text][\/vc_column][vc_column width=&#8221;1\/2&#8243;][vc_column_text][inbound_forms id=&#8221;3271&#8243; name=&#8221;Obsidian&#8221;][\/vc_column_text][\/vc_column][\/vc_row]<\/p>\n<\/div>","protected":false},"excerpt":{"rendered":"<p>[vc_row row_type=&#8221;parallax&#8221; parallax_content_width=&#8221;in_grid&#8221; anchor=&#8221;home&#8221; text_align=&#8221;left&#8221; background_image=&#8221;2838&#8243; full_screen_section_height=&#8221;no&#8221; section_height=&#8221;600&#8243;][vc_column][qode_elements_holder number_of_columns=&#8221;one_column&#8221;][qode_elements_holder_item item_padding=&#8221;0 0 48% 0&#8243; vertical_alignment=&#8221;middle&#8221; advanced_animations=&#8221;no&#8221; item_padding_1024_1280=&#8221;0 0 43% 0&#8243; item_padding_768_1024=&#8221;14% 17% 4% 0&#8243; item_padding_600_768=&#8221;14% 17% 4%0&#8243; item_padding_480_600=&#8221;4% 4% 4% 4%&#8221; item_padding_480=&#8221;4% 4% 4% 4%&#8221;][vc_empty_space height=&#8221;0px&#8221; el_class=&#8221;responseSpace&#8221;][vc_column_text] Obsidian presents data2text [\/vc_column_text][vc_empty_space][vc_column_text] A new way to view&#8230;<\/p>\n","protected":false},"author":12,"featured_media":0,"parent":0,"menu_order":0,"comment_status":"closed","ping_status":"closed","template":"full_width.php","meta":{"content-type":"","om_disable_all_campaigns":false,"inline_featured_image":false,"_monsterinsights_skip_tracking":false,"_monsterinsights_sitenote_active":false,"_monsterinsights_sitenote_note":"","_monsterinsights_sitenote_category":0,"footnotes":""},"class_list":["post-2978","page","type-page","status-publish","hentry"],"_links":{"self":[{"href":"https:\/\/www.obsidiansoft.com\/en\/wp-json\/wp\/v2\/pages\/2978","targetHints":{"allow":["GET"]}}],"collection":[{"href":"https:\/\/www.obsidiansoft.com\/en\/wp-json\/wp\/v2\/pages"}],"about":[{"href":"https:\/\/www.obsidiansoft.com\/en\/wp-json\/wp\/v2\/types\/page"}],"author":[{"embeddable":true,"href":"https:\/\/www.obsidiansoft.com\/en\/wp-json\/wp\/v2\/users\/12"}],"replies":[{"embeddable":true,"href":"https:\/\/www.obsidiansoft.com\/en\/wp-json\/wp\/v2\/comments?post=2978"}],"version-history":[{"count":1,"href":"https:\/\/www.obsidiansoft.com\/en\/wp-json\/wp\/v2\/pages\/2978\/revisions"}],"predecessor-version":[{"id":7937,"href":"https:\/\/www.obsidiansoft.com\/en\/wp-json\/wp\/v2\/pages\/2978\/revisions\/7937"}],"wp:attachment":[{"href":"https:\/\/www.obsidiansoft.com\/en\/wp-json\/wp\/v2\/media?parent=2978"}],"curies":[{"name":"wp","href":"https:\/\/api.w.org\/{rel}","templated":true}]}}