{"id":4189,"date":"2016-10-03T22:45:24","date_gmt":"2016-10-03T20:45:24","guid":{"rendered":"https:\/\/www.obsidiansoft.com\/?page_id=4189\/"},"modified":"2024-05-13T22:02:44","modified_gmt":"2024-05-13T20:02:44","slug":"evento-de-presentacion-del-programa-de-partners-de-obsidian","status":"publish","type":"page","link":"https:\/\/www.obsidiansoft.com\/en\/evento-de-presentacion-del-programa-de-partners-de-obsidian\/","title":{"rendered":"Evento de presentaci\u00f3n del programa de partners de Obsidian"},"content":{"rendered":"<div class=\"wpb-content-wrapper\"><p>[vc_row css_animation=&#8221;&#8221; row_type=&#8221;row&#8221; use_row_as_full_screen_section=&#8221;no&#8221; type=&#8221;grid&#8221; angled_section=&#8221;no&#8221; text_align=&#8221;left&#8221; background_image_as_pattern=&#8221;without_pattern&#8221; background_color=&#8221;#ffffff&#8221;][vc_column][\/vc_column][\/vc_row][vc_row css_animation=&#8221;&#8221; row_type=&#8221;row&#8221; use_row_as_full_screen_section=&#8221;no&#8221; type=&#8221;grid&#8221; angled_section=&#8221;no&#8221; text_align=&#8221;left&#8221; background_image_as_pattern=&#8221;without_pattern&#8221; background_color=&#8221;#ffffff&#8221; css=&#8221;.vc_custom_1491763583900{background-color: #ffffff !important;}&#8221;][vc_column width=&#8221;1\/2&#8243;][vc_column_text]<\/p>\n<h2 style=\"text-align: left;\">Presentaci\u00f3n del programa de partners<\/h2>\n<p>El evento de\u00a0presentaci\u00f3n del programa de partners de Obsidian tendr\u00e1 lugar en Madrid el martes 25 de octubre de 9:30h a 12:00h.<br \/>\nPuede inscribirse gratuitamente cubriendo el siguiente formulario. Tiene todos los detalles a continuaci\u00f3n.<\/p>\n<p>&nbsp;<\/p>\n<p class=\"p1\"><strong>NOTA<\/strong><\/p>\n<p class=\"p1\"><span class=\"s1\">S\u00f3lo se aceptan direcciones de correo electr\u00f3nico\u00a0profesionales. <\/span><span class=\"s2\">No se aceptar\u00e1n formularios con<\/span><span class=\"s1\"> cuentas de gmail, yahoo, hotmail, etc.<\/span><\/p>\n<p>Los datos personales recabados a trav\u00e9s del presente formulario ser\u00e1n tratados para atender la petici\u00f3n que ha realizado. Usted puede ejercer los derechos de acceso, rectificaci\u00f3n y cancelaci\u00f3n mediante escrito dirigido a Obsidian Soft, Av. General Per\u00f3n 29, planta 16 \u00b7 28020 \u00b7 Madrid.[\/vc_column_text][\/vc_column][vc_column width=&#8221;1\/2&#8243;][vc_column_text]<\/p>\n<h2>Formulario de\u00a0inscripci\u00f3n<\/h2>\n<p>[inbound_forms id=&#8221;2209&#8243; name=&#8221;EN partners&#8221;][\/vc_column_text][\/vc_column][\/vc_row][vc_row css_animation=&#8221;&#8221; row_type=&#8221;row&#8221; use_row_as_full_screen_section=&#8221;no&#8221; type=&#8221;grid&#8221; angled_section=&#8221;yes&#8221; angled_section_position=&#8221;bottom&#8221; angled_section_direction=&#8221;from_right_to_left&#8221; text_align=&#8221;left&#8221; background_image_as_pattern=&#8221;without_pattern&#8221; background_color=&#8221;#ffffff&#8221;][vc_column][vc_column_text][add_eventon_el number_of_months=&#8221;12&#8243; event_type=&#8221;83&#8243; accord=&#8221;yes&#8221; evc_open=&#8221;yes&#8221; hide_so=&#8221;yes&#8221; ]<\/p>\n<p>&nbsp;<\/p>\n<p><img loading=\"lazy\" decoding=\"async\" class=\"alignleft wp-image-2166 size-full\" src=\"https:\/\/www.obsidiansoft.com\/wp-content\/uploads\/multiscreen.png\" alt=\"multiscreen\" width=\"4500\" height=\"1312\" \/>[\/vc_column_text][\/vc_column][\/vc_row]<\/p>\n<\/div>","protected":false},"excerpt":{"rendered":"<p>[vc_row css_animation=&#8221;&#8221; row_type=&#8221;row&#8221; use_row_as_full_screen_section=&#8221;no&#8221; type=&#8221;grid&#8221; angled_section=&#8221;no&#8221; text_align=&#8221;left&#8221; background_image_as_pattern=&#8221;without_pattern&#8221; background_color=&#8221;#ffffff&#8221;][vc_column][\/vc_column][\/vc_row][vc_row css_animation=&#8221;&#8221; row_type=&#8221;row&#8221; use_row_as_full_screen_section=&#8221;no&#8221; type=&#8221;grid&#8221; angled_section=&#8221;no&#8221; text_align=&#8221;left&#8221; background_image_as_pattern=&#8221;without_pattern&#8221; background_color=&#8221;#ffffff&#8221; css=&#8221;.vc_custom_1491763583900{background-color: #ffffff !important;}&#8221;][vc_column width=&#8221;1\/2&#8243;][vc_column_text] Presentaci\u00f3n del programa de partners El evento de\u00a0presentaci\u00f3n del programa de partners de Obsidian tendr\u00e1 lugar en Madrid el martes 25 de octubre de&#8230;<\/p>\n","protected":false},"author":12,"featured_media":0,"parent":0,"menu_order":0,"comment_status":"closed","ping_status":"closed","template":"full_width.php","meta":{"content-type":"","om_disable_all_campaigns":false,"inline_featured_image":false,"_monsterinsights_skip_tracking":false,"_monsterinsights_sitenote_active":false,"_monsterinsights_sitenote_note":"","_monsterinsights_sitenote_category":0,"footnotes":""},"class_list":["post-4189","page","type-page","status-publish","hentry"],"_links":{"self":[{"href":"https:\/\/www.obsidiansoft.com\/en\/wp-json\/wp\/v2\/pages\/4189","targetHints":{"allow":["GET"]}}],"collection":[{"href":"https:\/\/www.obsidiansoft.com\/en\/wp-json\/wp\/v2\/pages"}],"about":[{"href":"https:\/\/www.obsidiansoft.com\/en\/wp-json\/wp\/v2\/types\/page"}],"author":[{"embeddable":true,"href":"https:\/\/www.obsidiansoft.com\/en\/wp-json\/wp\/v2\/users\/12"}],"replies":[{"embeddable":true,"href":"https:\/\/www.obsidiansoft.com\/en\/wp-json\/wp\/v2\/comments?post=4189"}],"version-history":[{"count":1,"href":"https:\/\/www.obsidiansoft.com\/en\/wp-json\/wp\/v2\/pages\/4189\/revisions"}],"predecessor-version":[{"id":7935,"href":"https:\/\/www.obsidiansoft.com\/en\/wp-json\/wp\/v2\/pages\/4189\/revisions\/7935"}],"wp:attachment":[{"href":"https:\/\/www.obsidiansoft.com\/en\/wp-json\/wp\/v2\/media?parent=4189"}],"curies":[{"name":"wp","href":"https:\/\/api.w.org\/{rel}","templated":true}]}}