{"id":800,"date":"2015-03-31T22:45:56","date_gmt":"2015-03-31T20:45:56","guid":{"rendered":"http:\/\/s215128132.mialojamiento.es\/cookie-policy-2\/"},"modified":"2022-08-26T11:12:43","modified_gmt":"2022-08-26T09:12:43","slug":"cookie-policy","status":"publish","type":"page","link":"https:\/\/www.obsidiansoft.com\/en\/cookie-policy\/","title":{"rendered":"Cookie Policy"},"content":{"rendered":"<div class=\"wpb-content-wrapper\"><p>[vc_row css_animation=&#8221;&#8221; row_type=&#8221;row&#8221; use_row_as_full_screen_section=&#8221;no&#8221; type=&#8221;grid&#8221; angled_section=&#8221;yes&#8221; angled_section_position=&#8221;bottom&#8221; angled_section_direction=&#8221;from_right_to_left&#8221; text_align=&#8221;left&#8221; background_image_as_pattern=&#8221;without_pattern&#8221; background_color=&#8221;#ffffff&#8221;][vc_column][vc_column_text]<\/p>\n<ol>\n<li>\u00bfQu\u00e9 es una cookie?<\/li>\n<li>\u00bfQu\u00e9 tipos de cookies utiliza este sitio web?<\/li>\n<li>Consentimiento y configuraci\u00f3n de las cookies<\/li>\n<li>Desactivaci\u00f3n o eliminaci\u00f3n de cookies<\/li>\n<li>M\u00e1s informaci\u00f3n<\/li>\n<\/ol>\n<p>&nbsp;<\/p>\n<h2><strong>1. \u00bfQu\u00e9 es una cookie?<\/strong><\/h2>\n<p>Una cookie es archivo que se descarga en el dispositivo de navegaci\u00f3n al acceder a determinadas p\u00e1ginas web. Las cookies almacenan y recuperan informaci\u00f3n cuando la persona usuaria navega en la p\u00e1gina web. En general, las cookies pueden servir para finalidades muy diversas, como, por ejemplo, reconocer al usuario, obtener informaci\u00f3n sobre los datos de navegaci\u00f3n, o personalizar la forma en que se muestra el contenido del sitio web. Adem\u00e1s de las cookies tambi\u00e9n existen otras tecnolog\u00edas similares que pueden realizar las mismas funciones.<\/p>\n<p>&nbsp;<\/p>\n<h2><strong>2. \u00bfQu\u00e9 tipos de cookies utiliza este sitio web?<\/strong><\/h2>\n<p>El sitio web de Obsidian Soft es propiedad de Servicio de Consultor\u00eda de Procesos Ozona, S.L. (Ozona Consulting) y sus dominios utilizan los siguientes tipos de cookies:<\/p>\n<p>&nbsp;<\/p>\n<ul>\n<li><strong>Cookies estrictamente necesarias y t\u00e9cnicas:<\/strong> estas cookies son necesarias para que este sitio web funcione correctamente y no se pueden desactivar a trav\u00e9s del panel de configuraci\u00f3n de cookies de este sitio web. Con car\u00e1cter general, este tipo de cookies se configuran autom\u00e1ticamente al acceder al sitio web o al acceder o utilizar ciertos servicios o funcionalidades. Si estas cookies se desactivan puede afectar al correcto funcionamiento de este sitio web.<\/li>\n<\/ul>\n<p>&nbsp;<\/p>\n<ul>\n<li><strong>Cookies de preferencias o personalizaci\u00f3n:<\/strong> este tipo de cookies permiten recordar las caracter\u00edsticas de las opciones seleccionadas por la persona usuaria y as\u00ed diferenciar su experiencia de la de otras personas, como puede ser la configuraci\u00f3n del idioma o tipo de navegador utilizado.<\/li>\n<\/ul>\n<p>&nbsp;<\/p>\n<ul>\n<li><strong>Cookies de an\u00e1lisis o medici\u00f3n:<\/strong> este tipo de cookies tambi\u00e9n conocidas como anal\u00edticas, permiten a Ozona Consulting como responsable de este sitio web, medir la actividad, usos y accesos a los distintos contenidos y servicios disponibles con el fin de introducir mejoras o nuevos servicios.<\/li>\n<\/ul>\n<p>&nbsp;<\/p>\n<p>A continuaci\u00f3n, se describen las cookies existentes en este sitio web clasificada como propias o de terceros:<\/p>\n<p>&nbsp;<\/p>\n<h3><strong>Propias<\/strong><\/h3>\n<p>Son aqu\u00e9llas que se env\u00edan al equipo terminal de la persona usuaria desde un equipo o dominio y son gestionadas por Ozona Consulting:<\/p>\n<p>&nbsp;<\/p>\n<table style=\"border: 1px solid #cdcdcd; width: 98%;\">\n<tbody>\n<tr style=\"border: 1px solid #CDCDCD;\">\n<td style=\"border: 1px solid #CDCDCD;\"><strong>Nombre<\/strong><\/td>\n<td style=\"border: 1px solid #CDCDCD;\"><strong>Duraci\u00f3n<\/strong><\/td>\n<td style=\"border: 1px solid #CDCDCD;\"><strong>Tipolog\u00eda<\/strong><\/td>\n<td style=\"border: 1px solid #CDCDCD;\"><strong>Descripci\u00f3n<\/strong><\/td>\n<\/tr>\n<tr style=\"border: 1px solid #CDCDCD;\">\n<td style=\"border: 1px solid #CDCDCD;\">PHPSESSID<\/td>\n<td style=\"border: 1px solid #CDCDCD;\">Sesi\u00f3n<\/td>\n<td style=\"border: 1px solid #CDCDCD;\">T\u00e9cnica<\/td>\n<td style=\"border: 1px solid #CDCDCD;\">Conserva los estados de los usuarios en todas las peticiones de la p\u00e1gina<\/td>\n<\/tr>\n<tr style=\"border: 1px solid #CDCDCD;\">\n<td style=\"border: 1px solid #CDCDCD;\">cookielawinfo-checkbox-necessary<br \/>\ncookielawinfo-checkbox-non-necessary<br \/>\nviewed_cookie_policy<\/td>\n<td style=\"border: 1px solid #CDCDCD;\">1 a\u00f1o<\/td>\n<td style=\"border: 1px solid #CDCDCD;\">WordPress Plugin: GDPR Cookie Consent<\/td>\n<td style=\"border: 1px solid #CDCDCD;\">Esta cookie est\u00e1 configurada por el complemento de consentimiento de cookies de GDPR. Las cookies se utilizan para almacenar el consentimiento del usuario para las cookies en la categor\u00eda &#8220;Necesario&#8221; y &#8220;No necesario&#8221;<\/td>\n<\/tr>\n<tr style=\"border: 1px solid #CDCDCD;\">\n<td style=\"border: 1px solid #CDCDCD;\">_icl_visitor_lang_js<\/td>\n<td style=\"border: 1px solid #CDCDCD;\">24 horas<\/td>\n<td style=\"border: 1px solid #CDCDCD;\">WordPress Plugin: WPML<\/td>\n<td style=\"border: 1px solid #CDCDCD;\">Conserva los estados de los usuarios en todas las peticiones de la p\u00e1gina<\/td>\n<\/tr>\n<tr style=\"border: 1px solid #CDCDCD;\">\n<td style=\"border: 1px solid #CDCDCD;\">wp_lead_uid<br \/>\nlead_session<br \/>\ninbound_referral_site<\/td>\n<td style=\"border: 1px solid #CDCDCD;\">Sesi\u00f3n<\/td>\n<td style=\"border: 1px solid #CDCDCD;\">WordPress<\/td>\n<td style=\"border: 1px solid #CDCDCD;\">Estas cookies se utilizan para la gesti\u00f3n de nuestras p\u00e1ginas web, en particular, la gesti\u00f3n de los formularios de contacto.<\/td>\n<\/tr>\n<\/tbody>\n<\/table>\n<p>&nbsp;<\/p>\n<h3><strong>De terceros<\/strong><\/h3>\n<p>Son aqu\u00e9llas que se env\u00edan al equipo terminal de la persona usuaria desde un equipo o dominio que no es gestionado por Ozona Consulting, sino por otra entidad que trata los datos obtenidos trav\u00e9s de las cookies:<\/p>\n<p>&nbsp;<\/p>\n<p>&nbsp;<\/p>\n<table style=\"border: 1px solid #cdcdcd; width: 98%;\">\n<tbody>\n<tr style=\"border: 1px solid #CDCDCD;\">\n<td style=\"border: 1px solid #CDCDCD;\"><strong>Nombre<\/strong><\/td>\n<td width=\"95\"><strong>Titularidad<\/strong><\/td>\n<td style=\"border: 1px solid #CDCDCD;\"><strong>Duraci\u00f3n<\/strong><\/td>\n<td style=\"border: 1px solid #CDCDCD;\"><strong>Tipolog\u00eda<\/strong><\/td>\n<td style=\"border: 1px solid #CDCDCD;\"><strong>Descripci\u00f3n<\/strong><\/td>\n<\/tr>\n<tr style=\"border: 1px solid #CDCDCD;\">\n<td style=\"border: 1px solid #CDCDCD;\">__utma<br \/>\n__utmb<br \/>\n__utmc<br \/>\n__utmz<\/td>\n<td style=\"border: 1px solid #CDCDCD;\">Google<\/td>\n<td style=\"border: 1px solid #CDCDCD;\">\u00a0Sesi\u00f3n\/2 a\u00f1os<\/td>\n<td style=\"border: 1px solid #CDCDCD;\">Medici\u00f3n\/An\u00e1lisis<\/td>\n<td style=\"border: 1px solid #CDCDCD;\">Google utiliza estas cookies para evaluar el uso de nuestro sitio web para que podamos compilar informes sobre la actividad del sitio web. Google tambi\u00e9n puede transferir esta informaci\u00f3n a terceros si as\u00ed se lo exige la ley, o si dichos terceros procesan la informaci\u00f3n en nombre de Google. Google no cruzar\u00e1 su direcci\u00f3n IP con ning\u00fan otro dato que posea. Lea la pol\u00edtica de privacidad de Google.<\/td>\n<\/tr>\n<tr style=\"border: 1px solid #CDCDCD;\">\n<td style=\"border: 1px solid #CDCDCD;\">_ga<\/td>\n<td style=\"border: 1px solid #CDCDCD;\">Google<\/td>\n<td style=\"border: 1px solid #CDCDCD;\">2 a\u00f1os<\/td>\n<td style=\"border: 1px solid #CDCDCD;\">Medici\u00f3n\/An\u00e1lisis<\/td>\n<td style=\"border: 1px solid #CDCDCD;\">Esta cookie se utiliza para ayudar a comprender c\u00f3mo interact\u00faan los visitantes con los sitios web al proporcionar informaci\u00f3n sobre las \u00e1reas visitadas, el tiempo que pasan en el sitio web y cualquier problema encontrado, como mensajes de error. Esto nos ayuda a mejorar el rendimiento de nuestros sitios web.<\/td>\n<\/tr>\n<tr style=\"border: 1px solid #CDCDCD;\">\n<td style=\"border: 1px solid #CDCDCD;\">_gid<\/td>\n<td style=\"border: 1px solid #CDCDCD;\">Google<\/td>\n<td style=\"border: 1px solid #CDCDCD;\">25 horas<\/td>\n<td style=\"border: 1px solid #CDCDCD;\">Medici\u00f3n\/An\u00e1lisis<\/td>\n<td style=\"border: 1px solid #CDCDCD;\">Esta cookie se utiliza para almacenar y agrupar la actividad de la sesi\u00f3n de cada usuario.<\/td>\n<\/tr>\n<tr style=\"border: 1px solid #CDCDCD;\">\n<td style=\"border: 1px solid #CDCDCD;\">_gat_gtag_{ID web}<\/td>\n<td style=\"border: 1px solid #CDCDCD;\">Google<\/td>\n<td style=\"border: 1px solid #CDCDCD;\">\u00a010 minutos<\/td>\n<td style=\"border: 1px solid #CDCDCD;\">Medici\u00f3n\/An\u00e1lisis<\/td>\n<td style=\"border: 1px solid #CDCDCD;\">Esta cookie se utiliza para limitar la recopilaci\u00f3n de datos cuando hay mucho tr\u00e1fico en el sitio.<\/td>\n<\/tr>\n<\/tbody>\n<\/table>\n<p>&nbsp;<\/p>\n<p>Anal\u00edticas (Google): Ayudar\u00e1 a conocer las visitas y las actividades y es un servicio ofrecido por Google. La informaci\u00f3n recopilada por la cookie, es transmitida y archivada en los servidores de Estado Unidos, y se puede usar para recopilar informaci\u00f3n sobre los visitantes y ofrecer servicios relacionados.<\/p>\n<p>El uso de cookies de Google Analytics, un servicio de an\u00e1lisis de web de Google Inc. Las informaciones generadas por las cookies utilizadas por Google Analytics pueden ser transferidas y almacenadas a un servidor de Google en los EE.UU.<\/p>\n<p>Puedes informarte de las transferencias a terceros pa\u00edses que, en su caso, realiza Google en sus correspondiente pol\u00edticas: <a href=\"https:\/\/developers.google.com\/analytics\/devguides\/collection\/analyticsjs\/cookie-usage\" target=\"_blank\" rel=\"noopener\">https:\/\/developers.google.com\/analytics\/devguides\/collection\/analyticsjs\/cookie-usage<\/a><\/p>\n<p>&nbsp;<\/p>\n<h2><strong>3. Consentimiento y configuraci\u00f3n de las cookies<\/strong><\/h2>\n<p>Al acceder a este sitio web, la persona usuaria visualizar\u00e1 un panel informativo de cookies en el que se le informar\u00e1 de la forma en la que puede prestar o rechazar su consentimiento a instalar las cookies. La persona usuaria en cualquier momento podr\u00e1 rechazar o configurar el uso de cookies, salvo aquellas estrictamente necesarias, a trav\u00e9s del Panel de <u>Configuraci\u00f3n de Cookies<\/u>. <button data-href=\"#moove_gdpr_cookie_modal\">Cambiar los ajustes de cookies <\/button><br \/>\nAsimismo, podr\u00e1 deshabilitarlas o retirar su consentimiento previamente otorgado en cualquier momento eliminando las cookies instaladas en su dispositivo mediante la configuraci\u00f3n de las opciones del navegador, tal como se indica en\u00a0el apartado \u201cdesactivaci\u00f3n o eliminaci\u00f3n de cookies\u201d.<\/p>\n<p>&nbsp;<\/p>\n<h2><strong>4. Desactivaci\u00f3n o eliminaci\u00f3n de cookies en el Navegador<\/strong><\/h2>\n<p>Puede permitir, bloquear o eliminar las cookies instaladas en su dispositivo mediante la configuraci\u00f3n de las opciones del navegador utilizado:<\/p>\n<ul>\n<li><a href=\"https:\/\/support.google.com\/accounts\/answer\/61416?co=GENIE.Platform%3DDesktop&amp;hl=es\">Google Chrome<\/a><\/li>\n<li><a href=\"https:\/\/support.mozilla.org\/es\/kb\/Borrar%20cookies\">Mozilla Firefox<\/a><\/li>\n<li><a href=\"https:\/\/support.microsoft.com\/es-es\/help\/278835\/how-to-delete-cookie-files-in-internet-explorer\">Internet Explorer<\/a><\/li>\n<li><a href=\"https:\/\/support.apple.com\/es-es\/guide\/safari\/sfri11471\/mac\">Safari<\/a><\/li>\n<li><a href=\"https:\/\/support.apple.com\/es-es\/HT201265\">Safari para IOS (iPhone y iPad)<\/a><\/li>\n<li><a href=\"https:\/\/support.google.com\/accounts\/answer\/61416?co=GENIE.Platform%3DAndroid&amp;hl=es&amp;oco=1\">Chrome para Android<\/a><\/li>\n<li><a href=\"https:\/\/support.google.com\/accounts\/answer\/61416?co=GENIE.Platform%3DiOS&amp;hl=es&amp;oco=1\">Chrome para Iphone y Ipad<\/a><\/li>\n<\/ul>\n<p>&nbsp;<\/p>\n<p>Si utiliza un navegador diferente consulte las instrucciones del mismo para la configuraci\u00f3n de las cookies. Si desea deshabilitar las cookies de Google Analytics, puede encontrar m\u00e1s informaci\u00f3n <a href=\"https:\/\/tools.google.com\/dlpage\/gaoptout?hl=es\">aqu\u00ed<\/a>.<\/p>\n<p>&nbsp;<\/p>\n<h2><strong>5. M\u00e1s informaci\u00f3n<\/strong><\/h2>\n<p>Puedes obtener m\u00e1s informaci\u00f3n acerca del tratamiento de tus datos en el apartado Pol\u00edtica de Privacidad. No obstante, si tiene alguna duda sobre esta Pol\u00edtica de Cookies puede ponerse en contacto con nosotros en la direcci\u00f3n <a href=\"mailto:dpo@ozonaconsulting.com\">dpo@ozonaconsulting.com<\/a><\/p>\n<p>&nbsp;<\/p>\n<p>Fecha de publicaci\u00f3n: 31\/01\/2022[\/vc_column_text][\/vc_column][\/vc_row]<\/p>\n<\/div>","protected":false},"excerpt":{"rendered":"<p>[vc_row css_animation=&#8221;&#8221; row_type=&#8221;row&#8221; use_row_as_full_screen_section=&#8221;no&#8221; type=&#8221;grid&#8221; angled_section=&#8221;yes&#8221; angled_section_position=&#8221;bottom&#8221; angled_section_direction=&#8221;from_right_to_left&#8221; text_align=&#8221;left&#8221; background_image_as_pattern=&#8221;without_pattern&#8221; background_color=&#8221;#ffffff&#8221;][vc_column][vc_column_text] \u00bfQu\u00e9 es una cookie? \u00bfQu\u00e9 tipos de cookies utiliza este sitio web? Consentimiento y configuraci\u00f3n de las cookies Desactivaci\u00f3n o eliminaci\u00f3n de cookies M\u00e1s informaci\u00f3n &nbsp; 1. \u00bfQu\u00e9 es una cookie? Una cookie es&#8230;<\/p>\n","protected":false},"author":12,"featured_media":0,"parent":0,"menu_order":0,"comment_status":"closed","ping_status":"closed","template":"full_width.php","meta":{"content-type":"","om_disable_all_campaigns":false,"inline_featured_image":false,"_monsterinsights_skip_tracking":false,"_monsterinsights_sitenote_active":false,"_monsterinsights_sitenote_note":"","_monsterinsights_sitenote_category":0,"footnotes":""},"class_list":["post-800","page","type-page","status-publish","hentry"],"_links":{"self":[{"href":"https:\/\/www.obsidiansoft.com\/en\/wp-json\/wp\/v2\/pages\/800","targetHints":{"allow":["GET"]}}],"collection":[{"href":"https:\/\/www.obsidiansoft.com\/en\/wp-json\/wp\/v2\/pages"}],"about":[{"href":"https:\/\/www.obsidiansoft.com\/en\/wp-json\/wp\/v2\/types\/page"}],"author":[{"embeddable":true,"href":"https:\/\/www.obsidiansoft.com\/en\/wp-json\/wp\/v2\/users\/12"}],"replies":[{"embeddable":true,"href":"https:\/\/www.obsidiansoft.com\/en\/wp-json\/wp\/v2\/comments?post=800"}],"version-history":[{"count":3,"href":"https:\/\/www.obsidiansoft.com\/en\/wp-json\/wp\/v2\/pages\/800\/revisions"}],"predecessor-version":[{"id":7385,"href":"https:\/\/www.obsidiansoft.com\/en\/wp-json\/wp\/v2\/pages\/800\/revisions\/7385"}],"wp:attachment":[{"href":"https:\/\/www.obsidiansoft.com\/en\/wp-json\/wp\/v2\/media?parent=800"}],"curies":[{"name":"wp","href":"https:\/\/api.w.org\/{rel}","templated":true}]}}