{"id":2259,"date":"2016-09-24T11:50:47","date_gmt":"2016-09-24T09:50:47","guid":{"rendered":"http:\/\/www.obsidiansoft.com\/?page_id=2259"},"modified":"2022-12-29T00:25:35","modified_gmt":"2022-12-28T23:25:35","slug":"obsidian","status":"publish","type":"page","link":"https:\/\/www.obsidiansoft.com\/pt\/obsidian\/","title":{"rendered":"Descarregar a apresenta\u00e7\u00e3o da Obsidian"},"content":{"rendered":"<div class=\"wpb-content-wrapper\"><p>[vc_row css_animation=&#8221;&#8221; row_type=&#8221;row&#8221; use_row_as_full_screen_section=&#8221;no&#8221; type=&#8221;grid&#8221; angled_section=&#8221;yes&#8221; angled_section_position=&#8221;bottom&#8221; angled_section_direction=&#8221;from_right_to_left&#8221; text_align=&#8221;left&#8221; background_image_as_pattern=&#8221;without_pattern&#8221; background_color=&#8221;#ffffff&#8221;][vc_column width=&#8221;1\/2&#8243;][vc_column_text]Preencha o \u00a0formul\u00e1rio em anexo\u00a0para receber a apresenta\u00e7\u00e3o comercial\u00a0da Obsidian por correio eletr\u00f3nico. \u00a0 <a href=\"https:\/\/www.obsidiansoft.com\/wp-content\/uploads\/2016\/09\/presentation_macbook_ES.png\"><img loading=\"lazy\" decoding=\"async\" class=\"alignnone wp-image-2102 size-full\" src=\"https:\/\/www.obsidiansoft.com\/wp-content\/uploads\/2016\/09\/presentation_macbook_ES.png\" width=\"1024\" height=\"641\" srcset=\"https:\/\/www.obsidiansoft.com\/wp-content\/uploads\/2016\/09\/presentation_macbook_ES.png 1024w, https:\/\/www.obsidiansoft.com\/wp-content\/uploads\/2016\/09\/presentation_macbook_ES-300x188.png 300w, https:\/\/www.obsidiansoft.com\/wp-content\/uploads\/2016\/09\/presentation_macbook_ES-768x481.png 768w, https:\/\/www.obsidiansoft.com\/wp-content\/uploads\/2016\/09\/presentation_macbook_ES-700x438.png 700w\" sizes=\"auto, (max-width: 1024px) 100vw, 1024px\" \/><\/a><\/p>\n<p>&nbsp;<\/p>\n<p><strong>NOTA<\/strong><\/p>\n<p>S\u00f3 ser\u00e3o aceites endere\u00e7os\u00a0de correio eletr\u00f3nico\u00a0profissionais. N\u00e3o se realizar\u00e3o envios a contas de gmail, yahoo, hotmail, etc.[\/vc_column_text][\/vc_column][vc_column width=&#8221;1\/2&#8243;][vc_column_text]<\/p>\n<h2>Formul\u00e1rio de\u00a0pedido<\/h2>\n<div class=\"wpcf7 no-js\" id=\"wpcf7-f7520-o1\" lang=\"en-US\" dir=\"ltr\" data-wpcf7-id=\"7520\">\n<div class=\"screen-reader-response\"><p role=\"status\" aria-live=\"polite\" aria-atomic=\"true\"><\/p> <ul><\/ul><\/div>\n<form action=\"\/pt\/wp-json\/wp\/v2\/pages\/2259#wpcf7-f7520-o1\" method=\"post\" class=\"wpcf7-form init\" id=\"obsidian_request_presentation_contact_form_PT\" aria-label=\"Contact form\" novalidate=\"novalidate\" data-status=\"init\">\n<fieldset class=\"hidden-fields-container\"><input type=\"hidden\" name=\"_wpcf7\" value=\"7520\" \/><input type=\"hidden\" name=\"_wpcf7_version\" value=\"6.1.4\" \/><input type=\"hidden\" name=\"_wpcf7_locale\" value=\"en_US\" \/><input type=\"hidden\" name=\"_wpcf7_unit_tag\" value=\"wpcf7-f7520-o1\" \/><input type=\"hidden\" name=\"_wpcf7_container_post\" value=\"0\" \/><input type=\"hidden\" name=\"_wpcf7_posted_data_hash\" value=\"\" \/><input type=\"hidden\" name=\"_cf7a__timestamp\" value=\"DnY83vO4d1YuQTJOgLvppg==\" \/><input type=\"hidden\" name=\"_cf7a_version\" value=\"1.0\" \/><input type=\"hidden\" name=\"_cf7a_address\" value=\"b30G6wOyeT2RMIyQuRxMWw==\" \/><input type=\"hidden\" name=\"_cf7a_referer\" value=\"k1tHIGOg4SpnV0DqXMUf6g==\" \/><input type=\"hidden\" name=\"_cf7a_protocol\" value=\"WlqRFaNgeBcgWrs3nsj8dA==\" \/><input type=\"hidden\" name=\"_cf7a_bot_fingerprint\" value=\"DnY83vO4d1YuQTJOgLvppg==\" \/><input type=\"hidden\" name=\"_cf7a_bot_fingerprint_extras\" \/><input type=\"hidden\" name=\"_cf7a_append_on_submit\" \/>\n<\/fieldset>\n<p><span class=\"wpcf7-form-control-wrap\" data-name=\"your-name\"><input type=\"text\" name=\"name\" value=\"\" autocomplete=\"fill\" class=\"fit-the-fullspace\" aria-hidden=\"true\" tabindex=\"-1\" \/><input size=\"40\" maxlength=\"400\" class=\"wpcf7-form-control wpcf7-text wpcf7-validates-as-required\" autocomplete=\"given-name\" aria-required=\"true\" aria-invalid=\"false\" placeholder=\"Nome*\" value=\"\" type=\"text\" name=\"your-name\" \/><\/span>\n<\/p>\n<p><span class=\"wpcf7-form-control-wrap\" data-name=\"last-name\"><input size=\"40\" maxlength=\"400\" class=\"wpcf7-form-control wpcf7-text wpcf7-validates-as-required\" autocomplete=\"family-name\" aria-required=\"true\" aria-invalid=\"false\" placeholder=\"Apelidos*\" value=\"\" type=\"text\" name=\"last-name\" \/><input type=\"text\" name=\"email\" value=\"\" autocomplete=\"fill\" class=\"fit-the-fullspace\" aria-hidden=\"true\" tabindex=\"-1\" \/><\/span>\n<\/p>\n<p><span class=\"wpcf7-form-control-wrap\" data-name=\"your-company\"><input type=\"text\" name=\"address\" value=\"\" autocomplete=\"fill\" class=\"fit-the-fullspace\" aria-hidden=\"true\" tabindex=\"-1\" \/><input size=\"40\" maxlength=\"400\" class=\"wpcf7-form-control wpcf7-text wpcf7-validates-as-required\" autocomplete=\"company\" aria-required=\"true\" aria-invalid=\"false\" placeholder=\"Empresa*\" value=\"\" type=\"text\" name=\"your-company\" \/><\/span>\n<\/p>\n<p><span class=\"wpcf7-form-control-wrap\" data-name=\"your-email\"><input size=\"40\" maxlength=\"400\" class=\"wpcf7-form-control wpcf7-email wpcf7-validates-as-required wpcf7-text wpcf7-validates-as-email\" autocomplete=\"email\" aria-required=\"true\" aria-invalid=\"false\" placeholder=\"E-mail profissional*\" value=\"\" type=\"email\" name=\"your-email\" \/><\/span>\n<\/p>\n<p><span class=\"wpcf7-form-control-wrap\" data-name=\"acceptance-932\"><span class=\"wpcf7-form-control wpcf7-acceptance\"><span class=\"wpcf7-list-item\"><label><input type=\"checkbox\" name=\"acceptance-932\" value=\"1\" aria-invalid=\"false\" \/><span class=\"wpcf7-list-item-label\">Aceitar a <a href=\"https:\/\/obsidiansoft.com\/pt\/terminos-general\/\" target=\"_blank\">pol\u00edtica de privacidade<\/a><\/span><\/label><\/span><\/span><\/span>\n<\/p>\n<p><input class=\"wpcf7-form-control wpcf7-submit has-spinner\" type=\"submit\" value=\"Enviar\" \/>\n<\/p><p style=\"display: none !important;\" class=\"akismet-fields-container\" data-prefix=\"_wpcf7_ak_\"><label>&#916;<textarea name=\"_wpcf7_ak_hp_textarea\" cols=\"45\" rows=\"8\" maxlength=\"100\"><\/textarea><\/label><input type=\"hidden\" id=\"ak_js_1\" name=\"_wpcf7_ak_js\" value=\"206\"\/><script>document.getElementById( \"ak_js_1\" ).setAttribute( \"value\", ( new Date() ).getTime() );<\/script><\/p><div class=\"wpcf7-response-output\" aria-hidden=\"true\"><\/div>\n<\/form>\n<\/div>\n[\/vc_column_text][\/vc_column][\/vc_row]<\/p>\n<\/div>","protected":false},"excerpt":{"rendered":"<p>[vc_row css_animation=&#8221;&#8221; row_type=&#8221;row&#8221; use_row_as_full_screen_section=&#8221;no&#8221; type=&#8221;grid&#8221; angled_section=&#8221;yes&#8221; angled_section_position=&#8221;bottom&#8221; angled_section_direction=&#8221;from_right_to_left&#8221; text_align=&#8221;left&#8221; background_image_as_pattern=&#8221;without_pattern&#8221; background_color=&#8221;#ffffff&#8221;][vc_column width=&#8221;1\/2&#8243;][vc_column_text]Preencha o \u00a0formul\u00e1rio em anexo\u00a0para receber a apresenta\u00e7\u00e3o comercial\u00a0da Obsidian por correio eletr\u00f3nico. \u00a0 &nbsp; NOTA S\u00f3 ser\u00e3o aceites endere\u00e7os\u00a0de correio eletr\u00f3nico\u00a0profissionais. N\u00e3o se realizar\u00e3o envios a contas de gmail, yahoo, hotmail, etc.[\/vc_column_text][\/vc_column][vc_column width=&#8221;1\/2&#8243;][vc_column_text]&#8230;<\/p>\n","protected":false},"author":12,"featured_media":0,"parent":0,"menu_order":0,"comment_status":"closed","ping_status":"closed","template":"full_width.php","meta":{"content-type":"","om_disable_all_campaigns":false,"inline_featured_image":false,"_monsterinsights_skip_tracking":false,"_monsterinsights_sitenote_active":false,"_monsterinsights_sitenote_note":"","_monsterinsights_sitenote_category":0,"footnotes":""},"class_list":["post-2259","page","type-page","status-publish","hentry"],"_links":{"self":[{"href":"https:\/\/www.obsidiansoft.com\/pt\/wp-json\/wp\/v2\/pages\/2259","targetHints":{"allow":["GET"]}}],"collection":[{"href":"https:\/\/www.obsidiansoft.com\/pt\/wp-json\/wp\/v2\/pages"}],"about":[{"href":"https:\/\/www.obsidiansoft.com\/pt\/wp-json\/wp\/v2\/types\/page"}],"author":[{"embeddable":true,"href":"https:\/\/www.obsidiansoft.com\/pt\/wp-json\/wp\/v2\/users\/12"}],"replies":[{"embeddable":true,"href":"https:\/\/www.obsidiansoft.com\/pt\/wp-json\/wp\/v2\/comments?post=2259"}],"version-history":[{"count":2,"href":"https:\/\/www.obsidiansoft.com\/pt\/wp-json\/wp\/v2\/pages\/2259\/revisions"}],"predecessor-version":[{"id":7527,"href":"https:\/\/www.obsidiansoft.com\/pt\/wp-json\/wp\/v2\/pages\/2259\/revisions\/7527"}],"wp:attachment":[{"href":"https:\/\/www.obsidiansoft.com\/pt\/wp-json\/wp\/v2\/media?parent=2259"}],"curies":[{"name":"wp","href":"https:\/\/api.w.org\/{rel}","templated":true}]}}