{"id":2278,"date":"2016-10-03T22:45:24","date_gmt":"2016-10-03T20:45:24","guid":{"rendered":"http:\/\/www.obsidiansoft.com\/?page_id=2278"},"modified":"2024-05-13T22:18:35","modified_gmt":"2024-05-13T20:18:35","slug":"presentacion_programa_partners","status":"publish","type":"page","link":"https:\/\/www.obsidiansoft.com\/pt\/presentacion_programa_partners\/","title":{"rendered":"Evento de apresenta\u00e7\u00e3o do programa de partners da Obsidian"},"content":{"rendered":"<div class=\"wpb-content-wrapper\"><p>[vc_row css_animation=&#8221;&#8221; row_type=&#8221;row&#8221; use_row_as_full_screen_section=&#8221;no&#8221; type=&#8221;grid&#8221; angled_section=&#8221;no&#8221; text_align=&#8221;left&#8221; background_image_as_pattern=&#8221;without_pattern&#8221; background_color=&#8221;#ffffff&#8221;][vc_column][\/vc_column][\/vc_row][vc_row css_animation=&#8221;&#8221; row_type=&#8221;row&#8221; use_row_as_full_screen_section=&#8221;no&#8221; type=&#8221;grid&#8221; angled_section=&#8221;no&#8221; text_align=&#8221;left&#8221; background_image_as_pattern=&#8221;without_pattern&#8221; background_color=&#8221;#ffffff&#8221;][vc_column width=&#8221;1\/2&#8243;][vc_column_text]<\/p>\n<h2 style=\"text-align: left;\">Apresenta\u00e7\u00e3o do programa de partners<\/h2>\n<p>O evento de apresenta\u00e7\u00e3o do programa de partners da Obsidian ter\u00e1 lugar em Madrid no dia 25 de outubro, quarta feira, das 9:30h \u00e0s 12:00h.<\/p>\n<p>Pode inscrever-se gratuitamente preenchendo o seguinte formul\u00e1rio. Tem todos os detalhes de seguida.<\/p>\n<p>&nbsp;<\/p>\n<p><strong>NOTA<\/strong><\/p>\n<p>S\u00f3 se aceitam endere\u00e7os de correio eletr\u00f3nico profissionais. N\u00e3o se realizar\u00e3o envios a contas de gmail, yahoo, hotmail, etc.<\/p>\n<p>Os dados pessoais recolhidos atrav\u00e9s do presente formul\u00e1rio ser\u00e3o tratados para atender ao pedido que realizou. Pode exercer os direitos de acesso, retifica\u00e7\u00e3o ou cancelamento mediante carta dirigida a Obsidian Soft, Av. General Per\u00f3n 29, planta 16 \u00b7 28020 \u00b7 Madrid.[\/vc_column_text][\/vc_column][vc_column width=&#8221;1\/2&#8243;][vc_column_text]<\/p>\n<h2>Formul\u00e1rio de\u00a0inscri\u00e7\u00e3o<\/h2>\n<p>[inbound_forms id=&#8221;2399&#8243; name=&#8221;PT partners&#8221;][\/vc_column_text][\/vc_column][\/vc_row][vc_row css_animation=&#8221;&#8221; row_type=&#8221;row&#8221; use_row_as_full_screen_section=&#8221;no&#8221; type=&#8221;grid&#8221; angled_section=&#8221;yes&#8221; angled_section_position=&#8221;bottom&#8221; angled_section_direction=&#8221;from_right_to_left&#8221; text_align=&#8221;left&#8221; background_image_as_pattern=&#8221;without_pattern&#8221; background_color=&#8221;#ffffff&#8221;][vc_column][vc_column_text][add_eventon_el number_of_months=&#8221;12&#8243; event_type=&#8221;83&#8243; accord=&#8221;yes&#8221; evc_open=&#8221;yes&#8221; hide_so=&#8221;yes&#8221; ]<\/p>\n<p>&nbsp;<\/p>\n<p><img loading=\"lazy\" decoding=\"async\" class=\"alignleft wp-image-2166 size-full\" src=\"https:\/\/www.obsidiansoft.com\/wp-content\/uploads\/multiscreen.png\" alt=\"multiscreen\" width=\"4500\" height=\"1312\" \/>[\/vc_column_text][\/vc_column][\/vc_row]<\/p>\n<\/div>","protected":false},"excerpt":{"rendered":"<p>[vc_row css_animation=&#8221;&#8221; row_type=&#8221;row&#8221; use_row_as_full_screen_section=&#8221;no&#8221; type=&#8221;grid&#8221; angled_section=&#8221;no&#8221; text_align=&#8221;left&#8221; background_image_as_pattern=&#8221;without_pattern&#8221; background_color=&#8221;#ffffff&#8221;][vc_column][\/vc_column][\/vc_row][vc_row css_animation=&#8221;&#8221; row_type=&#8221;row&#8221; use_row_as_full_screen_section=&#8221;no&#8221; type=&#8221;grid&#8221; angled_section=&#8221;no&#8221; text_align=&#8221;left&#8221; background_image_as_pattern=&#8221;without_pattern&#8221; background_color=&#8221;#ffffff&#8221;][vc_column width=&#8221;1\/2&#8243;][vc_column_text] Apresenta\u00e7\u00e3o do programa de partners O evento de apresenta\u00e7\u00e3o do programa de partners da Obsidian ter\u00e1 lugar em Madrid no dia 25 de outubro, quarta feira, das&#8230;<\/p>\n","protected":false},"author":12,"featured_media":0,"parent":0,"menu_order":0,"comment_status":"closed","ping_status":"closed","template":"full_width.php","meta":{"content-type":"","om_disable_all_campaigns":false,"inline_featured_image":false,"_monsterinsights_skip_tracking":false,"_monsterinsights_sitenote_active":false,"_monsterinsights_sitenote_note":"","_monsterinsights_sitenote_category":0,"footnotes":""},"class_list":["post-2278","page","type-page","status-publish","hentry"],"_links":{"self":[{"href":"https:\/\/www.obsidiansoft.com\/pt\/wp-json\/wp\/v2\/pages\/2278","targetHints":{"allow":["GET"]}}],"collection":[{"href":"https:\/\/www.obsidiansoft.com\/pt\/wp-json\/wp\/v2\/pages"}],"about":[{"href":"https:\/\/www.obsidiansoft.com\/pt\/wp-json\/wp\/v2\/types\/page"}],"author":[{"embeddable":true,"href":"https:\/\/www.obsidiansoft.com\/pt\/wp-json\/wp\/v2\/users\/12"}],"replies":[{"embeddable":true,"href":"https:\/\/www.obsidiansoft.com\/pt\/wp-json\/wp\/v2\/comments?post=2278"}],"version-history":[{"count":2,"href":"https:\/\/www.obsidiansoft.com\/pt\/wp-json\/wp\/v2\/pages\/2278\/revisions"}],"predecessor-version":[{"id":7956,"href":"https:\/\/www.obsidiansoft.com\/pt\/wp-json\/wp\/v2\/pages\/2278\/revisions\/7956"}],"wp:attachment":[{"href":"https:\/\/www.obsidiansoft.com\/pt\/wp-json\/wp\/v2\/media?parent=2278"}],"curies":[{"name":"wp","href":"https:\/\/api.w.org\/{rel}","templated":true}]}}