{"id":2285,"date":"2016-09-24T21:22:12","date_gmt":"2016-09-24T19:22:12","guid":{"rendered":"http:\/\/www.obsidiansoft.com\/?page_id=2285"},"modified":"2024-05-13T22:19:16","modified_gmt":"2024-05-13T20:19:16","slug":"mapas-isometricos","status":"publish","type":"page","link":"https:\/\/www.obsidiansoft.com\/pt\/mapas-isometricos\/","title":{"rendered":"Obsidian Map Editor \u00b7 Mapas isom\u00e9tricos"},"content":{"rendered":"<div class=\"wpb-content-wrapper\"><p>[vc_row row_type=&#8221;parallax&#8221; parallax_content_width=&#8221;in_grid&#8221; anchor=&#8221;home&#8221; text_align=&#8221;left&#8221; background_image=&#8221;2889&#8243; full_screen_section_height=&#8221;no&#8221; section_height=&#8221;400&#8243;][vc_column][qode_elements_holder number_of_columns=&#8221;one_column&#8221;][qode_elements_holder_item item_padding=&#8221;0 0 48% 0&#8243; vertical_alignment=&#8221;middle&#8221; advanced_animations=&#8221;no&#8221; item_padding_1024_1280=&#8221;0 0 43% 0&#8243; item_padding_768_1024=&#8221;14% 17% 4% 0&#8243; item_padding_600_768=&#8221;14% 17% 4%0&#8243; item_padding_480_600=&#8221;4% 4% 4% 4%&#8221; item_padding_480=&#8221;4% 4% 4% 4%&#8221;][vc_empty_space height=&#8221;0px&#8221; el_class=&#8221;responseSpace&#8221;][vc_column_text]<\/p>\n<div>\n<h1 style=\"color: #000000; font-size: 60px; line-height: 60px; font-family: 'Hind Siliguri'; font-style: normal; font-weight: 500; text-shadow: #ffffff 1px 1px 1px; letter-spacing: 0px; text-transform: none; text-align: left;\">Editor de mapas isom\u00e9tricos<\/h1>\n<\/div>\n<p>[\/vc_column_text][vc_empty_space][vc_column_text]<\/p>\n<p class=\"q_slide_text\" style=\"text-shadow: none; color: #000000; font-size: 33px; line-height: 40px; font-family: 'Hind Siliguri'; font-style: normal; font-weight: 300; text-transform: none; text-align: left;\">Visualiza\u00e7\u00e3o avan\u00e7ada da modela\u00e7\u00e3o de servi\u00e7os<\/p>\n<p>[\/vc_column_text][vc_empty_space height=&#8221;39px&#8221;][\/qode_elements_holder_item][\/qode_elements_holder][\/vc_column][\/vc_row][vc_row css_animation=&#8221;&#8221; row_type=&#8221;row&#8221; use_row_as_full_screen_section=&#8221;no&#8221; type=&#8221;grid&#8221; anchor=&#8221;features&#8221; angled_section=&#8221;yes&#8221; angled_section_position=&#8221;top&#8221; angled_section_direction=&#8221;from_right_to_left&#8221; text_align=&#8221;left&#8221; background_image_as_pattern=&#8221;without_pattern&#8221; background_color=&#8221;#ffffff&#8221; css=&#8221;.vc_custom_1485097510194{padding-top: 86px !important;padding-bottom: 0px !important;}&#8221;][vc_column width=&#8221;1\/2&#8243; offset=&#8221;vc_col-lg-6 vc_col-md-6&#8243;][vc_column_text]<\/p>\n<h3>Editor online de mapas isom\u00e9tricos<\/h3>\n<p>[\/vc_column_text][vc_column_text]A Obsidian conta com um editor de mapas isom\u00e9tricos que permite criar e editar diferentes tipos de diagramas:<\/p>\n<ul>\n<li>Mapas hier\u00e1rquicos, que mostram o estado dos servi\u00e7os e as depend\u00eancias entre servi\u00e7os<\/li>\n<li>Mapas de infraestrutura, que mostram o estado de CIs (servidores, clusters, aplica\u00e7\u00f5es, dispositivos, etc.)<\/li>\n<li>Mapas de localiza\u00e7\u00f5es, que representam os principais locais da organiza\u00e7\u00e3o com o n\u00edvel de detalhe que se deseje (edif\u00edcio, planta, sec\u00e7\u00e3o, etc.).<\/li>\n<\/ul>\n<p>&nbsp;<\/p>\n<p>Todos os mapas isom\u00e9tricos da Obsidian incluem de forma autom\u00e1tica as funcionalidades de\u00a0<a href=\"https:\/\/www.obsidiansoft.com\/pt\/data2text\/\">interpreta\u00e7\u00e3o autom\u00e1tica em linguagem natural data2text<\/a>.[\/vc_column_text][\/vc_column][vc_column width=&#8221;1\/2&#8243; offset=&#8221;vc_col-lg-6 vc_col-md-6&#8243;][vc_column_text]<\/p>\n<div style=\"width: 1060px;\" class=\"wp-video\"><video class=\"wp-video-shortcode\" id=\"video-2285-1\" width=\"1060\" height=\"663\" preload=\"metadata\" controls=\"controls\"><source type=\"video\/mp4\" src=\"https:\/\/www.obsidiansoft.com\/wp-content\/uploads\/isometric-maps-ES.mp4?_=1\" \/><a href=\"https:\/\/www.obsidiansoft.com\/wp-content\/uploads\/isometric-maps-ES.mp4\">https:\/\/www.obsidiansoft.com\/wp-content\/uploads\/isometric-maps-ES.mp4<\/a><\/video><\/div>\n<p>[\/vc_column_text][\/vc_column][\/vc_row][vc_row css_animation=&#8221;&#8221; row_type=&#8221;row&#8221; use_row_as_full_screen_section=&#8221;no&#8221; type=&#8221;grid&#8221; angled_section=&#8221;no&#8221; text_align=&#8221;left&#8221; background_image_as_pattern=&#8221;without_pattern&#8221; background_color=&#8221;#ffffff&#8221; css=&#8221;.vc_custom_1485097698804{padding-top: 20px !important;padding-right: 50px !important;padding-left: 50px !important;}&#8221;][vc_column][vc_column_text]<\/p>\n<h2>Mapas hier\u00e1rquicos<\/h2>\n<p>Uma vez feita a modela\u00e7\u00e3o de servi\u00e7os, uma das vistas mais interessantes \u00e9 a que representa as depend\u00eancias entre os diferentes servi\u00e7os mediante um mapa hier\u00e1rquico.<\/p>\n<p>&nbsp;<\/p>\n<p>Um mapa hier\u00e1rquico da Obsidian\u00a0permite\u00a0visualizar o estado de cada um dos servi\u00e7os -cor verde, amarela ou vermelha- associada a cada um dos \u00edcones do mapa, sendo poss\u00edvel selecionar qualquer dos seguinte crit\u00e9rios:<\/p>\n<ul>\n<li>Valor de disponibilidade dos servi\u00e7os<\/li>\n<li>Valor de capacidade dos servi\u00e7os<\/li>\n<li>Valor de qualidade da aten\u00e7\u00e3o no service desk dos servi\u00e7os<\/li>\n<li>Valor de\u00a0n\u00edvel de servi\u00e7o dos servi\u00e7os<\/li>\n<li>Pior valor dos anteriores<\/li>\n<li>Pior valor das sondas e alertas associados a qualquer CI do servi\u00e7o<\/li>\n<\/ul>\n<p>&nbsp;<\/p>\n<p>O mesmo mapa hier\u00e1rquico com diferentes crit\u00e9rios pode ser utilizado em v\u00e1rios dashboards. Por exemplo, com o valor da pior sonda num dashboard t\u00e9cnico -orientado a identificar em que servi\u00e7os h\u00e1 incidentes pendentes de resolver- e com o valor de n\u00edvel de servi\u00e7o num dashboard para a dire\u00e7\u00e3o.<\/p>\n<p>&nbsp;<\/p>\n<p>Um mapa hier\u00e1rquico permite, al\u00e9m disso, representar as rela\u00e7\u00f5es causa-efeito entre os servi\u00e7os. Se uma indisponibilidade num servi\u00e7o afeta outro servi\u00e7o, a linha que os une tamb\u00e9m se destacar\u00e1 em amarelo ou em vermelho.<\/p>\n<p>Todos os mapas isom\u00e9tricos\u00a0podem ser editados a partir dos pr\u00f3prios dashboards acedendo ao novo editor de mapas isom\u00e9tricos mediante uma combina\u00e7\u00e3o de teclas.<\/p>\n<p>&nbsp;<\/p>\n<p>Este editor permite:<\/p>\n<ul>\n<li>Representar cada um dos servi\u00e7os num n\u00famero configur\u00e1vel de camadas<\/li>\n<li>Representar as depend\u00eancias entre os servi\u00e7os mediante\u00a0setas<\/li>\n<li>Exportar para um formato de imagem vetorial SVG convertendo as setas\u00a0em linhas\u00a0isom\u00e9tricas<\/li>\n<li>Automatizar a integra\u00e7\u00e3o do diagrama resultante nos dashboards de Obsidian<\/li>\n<\/ul>\n<p>[\/vc_column_text][vc_column_text css=&#8221;.vc_custom_1471772559518{margin-top: 20px !important;margin-bottom: 10px !important;}&#8221;][\/vc_column_text][vc_column_text]<\/p>\n<h2>Mapas\u00a0de infraestrutura<\/h2>\n<p>O editor de mapas isom\u00e9tricos da Obsidian tamb\u00e9m conta com um modo espec\u00edfico para representar mapas de infraestrutura.<\/p>\n<p>&nbsp;<\/p>\n<p>A partir da modela\u00e7\u00e3o utilizada para agregar valores a n\u00edvel de servi\u00e7o, \u00e9 poss\u00edvel associar aos elementos de um mapa isom\u00e9trico qualquer n\u00f3 interm\u00e9dio da modela\u00e7\u00e3o e assim representar visualmente o estado de servidores, clusters, aplica\u00e7\u00f5es, etc.<\/p>\n<p>&nbsp;<\/p>\n<p>Assim como nos servi\u00e7os, \u00e9 poss\u00edvel representar, para cada elemento do mapa, o calor correspondente a:<\/p>\n<ul>\n<li>Valor de disponibilidade<\/li>\n<li>Valor de capacidade<\/li>\n<li>Pior valor dos anteriores<\/li>\n<li>Pior valor das sondas e alertas associados a qualquer CI do servi\u00e7o<\/li>\n<\/ul>\n<p>&nbsp;<\/p>\n<p>&nbsp;<\/p>\n<p>Os mapas de infraestrutura tamb\u00e9m se podem editar a partir dos pr\u00f3prios dashboards acedendo ao editor de mapas isom\u00e9tricos mediante uma combina\u00e7\u00e3o de teclas.[\/vc_column_text][vc_column_text css=&#8221;.vc_custom_1471772559518{margin-top: 20px !important;margin-bottom: 10px !important;}&#8221;][\/vc_column_text]<div class=\"projects_masonry_wrapper \"><div class=\"projects_masonry_holder portfolio_main_holder portfolio_masonry_gallery_with_space portfolio_one_by_one gs5\"><div class=\"qode-portfolio-masonry-gallery-grid-sizer\"><\/div><div class=\"qode-portfolio-masonry-gallery-grid-gutter\"><\/div><article class='portfolio_masonry_item portfolio_category_93 portfolio_category_94  default'><div class=\"item_holder image_subtle_rotate_zoom_hover\"><div class=\"text_holder\"><div class=\"text_holder_outer\"><div class=\"text_holder_inner\"><div class=\"icons_holder\"><a itemprop=\"url\" class=\"preview\" title=\"Go to Project\" href=\"https:\/\/www.obsidiansoft.com\/pt\/samples\/mapa-de-datacenter-2\/\" data-type=\"portfolio_list\" target=\"_self\" ><\/a><\/div><\/div><\/div><\/div><div  class=\"portfolio_shader\"><\/div><div class=\"image_holder\"><span class=\"image\"><img loading=\"lazy\" decoding=\"async\" width=\"500\" height=\"500\" src=\"https:\/\/www.obsidiansoft.com\/wp-content\/uploads\/datacenter-500x500.png\" class=\"attachment-portfolio_masonry_regular size-portfolio_masonry_regular wp-post-image\" alt=\"\" srcset=\"https:\/\/www.obsidiansoft.com\/wp-content\/uploads\/datacenter-500x500.png 500w, https:\/\/www.obsidiansoft.com\/wp-content\/uploads\/datacenter-150x150.png 150w, https:\/\/www.obsidiansoft.com\/wp-content\/uploads\/datacenter-570x570.png 570w, https:\/\/www.obsidiansoft.com\/wp-content\/uploads\/datacenter-1000x1000.png 1000w\" sizes=\"auto, (max-width: 500px) 100vw, 500px\" \/><\/span><\/div><\/div><\/article><article class='portfolio_masonry_item portfolio_category_93 portfolio_category_94  default'><div class=\"item_holder image_subtle_rotate_zoom_hover\"><div class=\"text_holder\"><div class=\"text_holder_outer\"><div class=\"text_holder_inner\"><div class=\"icons_holder\"><a itemprop=\"url\" class=\"preview\" title=\"Go to Project\" href=\"https:\/\/www.obsidiansoft.com\/pt\/samples\/mapas-de-infraestructura-creados-con-el-editor-online-de-obsidian-2\/\" data-type=\"portfolio_list\" target=\"_self\" ><\/a><\/div><\/div><\/div><\/div><div  class=\"portfolio_shader\"><\/div><div class=\"image_holder\"><span class=\"image\"><img loading=\"lazy\" decoding=\"async\" width=\"500\" height=\"500\" src=\"https:\/\/www.obsidiansoft.com\/wp-content\/uploads\/infraestructura-500x500.png\" class=\"attachment-portfolio_masonry_regular size-portfolio_masonry_regular wp-post-image\" alt=\"\" srcset=\"https:\/\/www.obsidiansoft.com\/wp-content\/uploads\/infraestructura-500x500.png 500w, https:\/\/www.obsidiansoft.com\/wp-content\/uploads\/infraestructura-150x150.png 150w, https:\/\/www.obsidiansoft.com\/wp-content\/uploads\/infraestructura-570x570.png 570w, https:\/\/www.obsidiansoft.com\/wp-content\/uploads\/infraestructura-1000x1000.png 1000w\" sizes=\"auto, (max-width: 500px) 100vw, 500px\" \/><\/span><\/div><\/div><\/article><\/div><\/div>[\/vc_column][\/vc_row][vc_row css_animation=&#8221;&#8221; row_type=&#8221;row&#8221; use_row_as_full_screen_section=&#8221;no&#8221; type=&#8221;grid&#8221; angled_section=&#8221;yes&#8221; angled_section_position=&#8221;bottom&#8221; angled_section_direction=&#8221;from_right_to_left&#8221; text_align=&#8221;left&#8221; background_image_as_pattern=&#8221;without_pattern&#8221; background_color=&#8221;#ffffff&#8221;][vc_column width=&#8221;1\/2&#8243;][vc_column_text]<\/p>\n<h2>Mais informa\u00e7\u00e3o<\/h2>\n<p>Se est\u00e1 interessado em mais informa\u00e7\u00e3o sobre o editor online de mapas isom\u00e9tricos ou sobre qualquer outra funcionalidade da Obsidian, n\u00e3o hesite\u00a0em contactar-nos preenchendo\u00a0o formul\u00e1rio em anexo.<\/p>\n<p>&nbsp;<\/p>\n<p><strong>NOTA<\/strong><br \/>\nS\u00f3 se aceitam endere\u00e7os de correio eletr\u00f3nico profissionais. N\u00e3o ser\u00e3o realizados envios para contas de gmail, yahoo, hotmail, etc.<\/p>\n<p>&nbsp;<\/p>\n<p>Os dados pessoais recolhidos atrav\u00e9s do formul\u00e1rio ser\u00e3o usados para responder ao pedido que realizou. Pode exercer os seus direitos de acesso, retifica\u00e7\u00e3o e cancelamento mediante uma carta dirigida a Obsidian Soft, Av. General Per\u00f3n 29, planta 16 \u00b7 28020 \u00b7 Madrid.[\/vc_column_text][\/vc_column][vc_column width=&#8221;1\/2&#8243;][vc_column_text][inbound_forms id=&#8221;2943&#8243; name=&#8221;PT Obsidian&#8221;][\/vc_column_text][\/vc_column][\/vc_row]<\/p>\n<\/div>","protected":false},"excerpt":{"rendered":"<p>[vc_row row_type=&#8221;parallax&#8221; parallax_content_width=&#8221;in_grid&#8221; anchor=&#8221;home&#8221; text_align=&#8221;left&#8221; background_image=&#8221;2889&#8243; full_screen_section_height=&#8221;no&#8221; section_height=&#8221;400&#8243;][vc_column][qode_elements_holder number_of_columns=&#8221;one_column&#8221;][qode_elements_holder_item item_padding=&#8221;0 0 48% 0&#8243; vertical_alignment=&#8221;middle&#8221; advanced_animations=&#8221;no&#8221; item_padding_1024_1280=&#8221;0 0 43% 0&#8243; item_padding_768_1024=&#8221;14% 17% 4% 0&#8243; item_padding_600_768=&#8221;14% 17% 4%0&#8243; item_padding_480_600=&#8221;4% 4% 4% 4%&#8221; item_padding_480=&#8221;4% 4% 4% 4%&#8221;][vc_empty_space height=&#8221;0px&#8221; el_class=&#8221;responseSpace&#8221;][vc_column_text] Editor de mapas isom\u00e9tricos [\/vc_column_text][vc_empty_space][vc_column_text] Visualiza\u00e7\u00e3o avan\u00e7ada da modela\u00e7\u00e3o&#8230;<\/p>\n","protected":false},"author":12,"featured_media":0,"parent":0,"menu_order":0,"comment_status":"closed","ping_status":"closed","template":"full_width.php","meta":{"content-type":"","om_disable_all_campaigns":false,"inline_featured_image":false,"_monsterinsights_skip_tracking":false,"_monsterinsights_sitenote_active":false,"_monsterinsights_sitenote_note":"","_monsterinsights_sitenote_category":0,"footnotes":""},"class_list":["post-2285","page","type-page","status-publish","hentry"],"_links":{"self":[{"href":"https:\/\/www.obsidiansoft.com\/pt\/wp-json\/wp\/v2\/pages\/2285","targetHints":{"allow":["GET"]}}],"collection":[{"href":"https:\/\/www.obsidiansoft.com\/pt\/wp-json\/wp\/v2\/pages"}],"about":[{"href":"https:\/\/www.obsidiansoft.com\/pt\/wp-json\/wp\/v2\/types\/page"}],"author":[{"embeddable":true,"href":"https:\/\/www.obsidiansoft.com\/pt\/wp-json\/wp\/v2\/users\/12"}],"replies":[{"embeddable":true,"href":"https:\/\/www.obsidiansoft.com\/pt\/wp-json\/wp\/v2\/comments?post=2285"}],"version-history":[{"count":2,"href":"https:\/\/www.obsidiansoft.com\/pt\/wp-json\/wp\/v2\/pages\/2285\/revisions"}],"predecessor-version":[{"id":7958,"href":"https:\/\/www.obsidiansoft.com\/pt\/wp-json\/wp\/v2\/pages\/2285\/revisions\/7958"}],"wp:attachment":[{"href":"https:\/\/www.obsidiansoft.com\/pt\/wp-json\/wp\/v2\/media?parent=2285"}],"curies":[{"name":"wp","href":"https:\/\/api.w.org\/{rel}","templated":true}]}}