{"id":2345,"date":"2016-05-17T11:14:12","date_gmt":"2016-05-17T09:14:12","guid":{"rendered":"http:\/\/www.obsidiansoft.com\/?page_id=2345"},"modified":"2017-04-09T21:41:08","modified_gmt":"2017-04-09T19:41:08","slug":"calendario","status":"publish","type":"page","link":"https:\/\/www.obsidiansoft.com\/pt\/calendario\/","title":{"rendered":"Calend\u00e1rio de eventos"},"content":{"rendered":"<div class=\"wpb-content-wrapper\"><p>[vc_row css_animation=&#8221;&#8221; row_type=&#8221;row&#8221; use_row_as_full_screen_section=&#8221;no&#8221; type=&#8221;grid&#8221; angled_section=&#8221;yes&#8221; angled_section_position=&#8221;bottom&#8221; angled_section_direction=&#8221;from_right_to_left&#8221; text_align=&#8221;left&#8221; background_image_as_pattern=&#8221;without_pattern&#8221; background_color=&#8221;#ffffff&#8221;][vc_column width=&#8221;1\/2&#8243;][vc_column_text]No calend\u00e1rio que se segue\u00a0encontram-se\u00a0os principais eventos e atividades relacionados com a Obsidian programados para os pr\u00f3ximos dois meses.<\/p>\n<p>Inclui:<\/p>\n<ul>\n<li>Pr\u00f3ximas edi\u00e7\u00f5es de eventos de qualifica\u00e7\u00e3o\u00a0para parceiros\u00a0(t\u00e9cnicos e comerciais)<\/li>\n<li>Forma\u00e7\u00f5es em modelos de indicadores tendo como\u00a0base te\u00f3rica a implementa\u00e7\u00e3o em Obsidian<\/li>\n<li>Eventos comerciais de apresenta\u00e7\u00e3o do produto<\/li>\n<\/ul>\n<p>[\/vc_column_text][\/vc_column][vc_column width=&#8221;1\/2&#8243;]<div id='evcal_calendar_694' class='ajde_evcal_calendar  ul' ><div class='evo-data' data-cyear=\"2026\" data-cmonth=\"5\" data-runajax=\"1\" data-evc_open=\"0\" data-cal_ver=\"2.5.4\" data-mapscroll=\"true\" data-mapformat=\"roadmap\" data-mapzoom=\"18\" data-mapiconurl=\"\" data-ev_cnt=\"0\" data-show_limit=\"no\" data-tiles=\"no\" data-sort_by=\"sort_date\" data-filters_on=\"false\" data-range_start=\"0\" data-range_end=\"0\" data-send_unix=\"0\" data-ux_val=\"1\" data-accord=\"0\" data-rtl=\"no\"  ><\/div><div id='evcal_head' class='calendar_header ' ><div class='evo_cal_above'><span class='evo-gototoday-btn' style='display:none' data-mo='5' data-yr='2026' data-dy=''>Current Month<\/span><\/div><div class='evo_cal_above_content'><\/div><div class='cal_arguments' style='display:none' data-hide_past=\"no\" data-show_et_ft_img=\"no\" data-event_order=\"ASC\" data-ft_event_priority=\"no\" data-lang=\"L1\" data-month_incre=\"0\" data-only_ft=\"no\" data-evc_open=\"no\" data-show_limit=\"no\" data-etc_override=\"no\" data-show_limit_redir=\"0\" data-tiles=\"no\" data-tile_height=\"0\" data-tile_bg=\"0\" data-tile_count=\"2\" data-tile_style=\"0\" data-s=\"\" data-members_only=\"no\" data-ux_val=\"1\" data-show_limit_ajax=\"no\" data-show_limit_paged=\"1\" ><\/div><div class='clear'><\/div><\/div><div class='evcal_month_line'><p>mayo <\/p><\/div><div id='evcal_list' class='evcal_list_month eventon_events_list '><div class='eventon_list_event'><p class='no_events' >No hay eventos<\/p><\/div><\/div><div class='evcal_month_line'><p>junio <\/p><\/div><div id='evcal_list' class='evcal_list_month eventon_events_list '><div class='eventon_list_event'><p class='no_events' >No hay eventos<\/p><\/div><\/div><div class='evcal_month_line'><p>julio <\/p><\/div><div id='evcal_list' class='evcal_list_month eventon_events_list '><div class='eventon_list_event'><p class='no_events' >No hay eventos<\/p><\/div><\/div><div class='evcal_month_line'><p>agosto <\/p><\/div><div id='evcal_list' class='evcal_list_month eventon_events_list '><div class='eventon_list_event'><p class='no_events' >No hay eventos<\/p><\/div><\/div><div class='evcal_month_line'><p>septiembre <\/p><\/div><div id='evcal_list' class='evcal_list_month eventon_events_list '><div class='eventon_list_event'><p class='no_events' >No hay eventos<\/p><\/div><\/div><div class='evcal_month_line'><p>octubre <\/p><\/div><div id='evcal_list' class='evcal_list_month eventon_events_list '><div class='eventon_list_event'><p class='no_events' >No hay eventos<\/p><\/div><\/div><div class='evcal_month_line'><p>noviembre <\/p><\/div><div id='evcal_list' class='evcal_list_month eventon_events_list '><div class='eventon_list_event'><p class='no_events' >No hay eventos<\/p><\/div><\/div><div class='evcal_month_line'><p>diciembre <\/p><\/div><div id='evcal_list' class='evcal_list_month eventon_events_list '><div class='eventon_list_event'><p class='no_events' >No hay eventos<\/p><\/div><\/div><div class='evcal_month_line'><p>enero <\/p><\/div><div id='evcal_list' class='evcal_list_month eventon_events_list '><div class='eventon_list_event'><p class='no_events' >No hay eventos<\/p><\/div><\/div><div class='evcal_month_line'><p>febrero <\/p><\/div><div id='evcal_list' class='evcal_list_month eventon_events_list '><div class='eventon_list_event'><p class='no_events' >No hay eventos<\/p><\/div><\/div><div class='evcal_month_line'><p>marzo <\/p><\/div><div id='evcal_list' class='evcal_list_month eventon_events_list '><div class='eventon_list_event'><p class='no_events' >No hay eventos<\/p><\/div><\/div><div class='evcal_month_line'><p>abril <\/p><\/div><div id='evcal_list' class='evcal_list_month eventon_events_list '><div class='eventon_list_event'><p class='no_events' >No hay eventos<\/p><\/div><\/div><div class='clear'><\/div><\/div><!-- ajde_evcal_calendar-->[\/vc_column][\/vc_row]<\/p>\n<\/div>","protected":false},"excerpt":{"rendered":"<p>[vc_row css_animation=&#8221;&#8221; row_type=&#8221;row&#8221; use_row_as_full_screen_section=&#8221;no&#8221; type=&#8221;grid&#8221; angled_section=&#8221;yes&#8221; angled_section_position=&#8221;bottom&#8221; angled_section_direction=&#8221;from_right_to_left&#8221; text_align=&#8221;left&#8221; background_image_as_pattern=&#8221;without_pattern&#8221; background_color=&#8221;#ffffff&#8221;][vc_column width=&#8221;1\/2&#8243;][vc_column_text]No calend\u00e1rio que se segue\u00a0encontram-se\u00a0os principais eventos e atividades relacionados com a Obsidian programados para os pr\u00f3ximos dois meses. Inclui: Pr\u00f3ximas edi\u00e7\u00f5es de eventos de qualifica\u00e7\u00e3o\u00a0para parceiros\u00a0(t\u00e9cnicos e comerciais) Forma\u00e7\u00f5es em modelos de indicadores&#8230;<\/p>\n","protected":false},"author":12,"featured_media":0,"parent":0,"menu_order":0,"comment_status":"closed","ping_status":"closed","template":"full_width.php","meta":{"content-type":"","om_disable_all_campaigns":false,"inline_featured_image":false,"_monsterinsights_skip_tracking":false,"_monsterinsights_sitenote_active":false,"_monsterinsights_sitenote_note":"","_monsterinsights_sitenote_category":0,"footnotes":""},"class_list":["post-2345","page","type-page","status-publish","hentry"],"_links":{"self":[{"href":"https:\/\/www.obsidiansoft.com\/pt\/wp-json\/wp\/v2\/pages\/2345","targetHints":{"allow":["GET"]}}],"collection":[{"href":"https:\/\/www.obsidiansoft.com\/pt\/wp-json\/wp\/v2\/pages"}],"about":[{"href":"https:\/\/www.obsidiansoft.com\/pt\/wp-json\/wp\/v2\/types\/page"}],"author":[{"embeddable":true,"href":"https:\/\/www.obsidiansoft.com\/pt\/wp-json\/wp\/v2\/users\/12"}],"replies":[{"embeddable":true,"href":"https:\/\/www.obsidiansoft.com\/pt\/wp-json\/wp\/v2\/comments?post=2345"}],"version-history":[{"count":0,"href":"https:\/\/www.obsidiansoft.com\/pt\/wp-json\/wp\/v2\/pages\/2345\/revisions"}],"wp:attachment":[{"href":"https:\/\/www.obsidiansoft.com\/pt\/wp-json\/wp\/v2\/media?parent=2345"}],"curies":[{"name":"wp","href":"https:\/\/api.w.org\/{rel}","templated":true}]}}