{"id":2912,"date":"2017-01-05T23:18:36","date_gmt":"2017-01-05T22:18:36","guid":{"rendered":"https:\/\/www.obsidiansoft.com\/demo-2\/"},"modified":"2024-01-26T13:23:35","modified_gmt":"2024-01-26T12:23:35","slug":"demo","status":"publish","type":"page","link":"https:\/\/www.obsidiansoft.com\/pt\/","title":{"rendered":"Obsidian \u00b7 Business Service Intelligence"},"content":{"rendered":"<div class=\"wpb-content-wrapper\"><p>[vc_row row_type=&#8221;parallax&#8221; parallax_content_width=&#8221;in_grid&#8221; anchor=&#8221;home&#8221; text_align=&#8221;left&#8221; background_image=&#8221;5729&#8243; full_screen_section_height=&#8221;no&#8221; section_height=&#8221;600&#8243;][vc_column][qode_elements_holder number_of_columns=&#8221;one_column&#8221;][qode_elements_holder_item item_padding=&#8221;0&#8243; vertical_alignment=&#8221;middle&#8221; advanced_animations=&#8221;no&#8221; item_padding_1024_1280=&#8221;0 43% 0 0&#8243; item_padding_768_1024=&#8221;14% 4% 17% 0&#8243; item_padding_600_768=&#8221;14% 4% 17% 0&#8243; item_padding_480_600=&#8221;16% 0 16%&#8221; item_padding_480=&#8221;16% 0 16%&#8221;][vc_empty_space height=&#8221;0px&#8221; el_class=&#8221;responseSpace&#8221;][vc_column_text]<\/p>\n<div>\n<h1 class=\"maintitle\">Obsidian<\/h1>\n<\/div>\n<p>[\/vc_column_text][vc_empty_space][vc_column_text]<\/p>\n<p class=\"q_slide_text mainsubtitle\">Plataforma de gest\u00e3o inteligente de servi\u00e7os de TI para o neg\u00f3cio<\/p>\n<p>[\/vc_column_text][vc_empty_space height=&#8221;39px&#8221;]<a  itemprop=\"url\" href=\"https:\/\/www.obsidiansoft.com\/pt\/obsidian3\" target=\"_self\"  class=\"qbutton  white default\" style=\"\">Arquitetura e integra\u00e7\u00f5es<\/a>[\/qode_elements_holder_item][\/qode_elements_holder][\/vc_column][\/vc_row][vc_row css_animation=&#8221;&#8221; row_type=&#8221;row&#8221; use_row_as_full_screen_section=&#8221;no&#8221; type=&#8221;grid&#8221; anchor=&#8221;features&#8221; angled_section=&#8221;yes&#8221; angled_section_position=&#8221;top&#8221; angled_section_direction=&#8221;from_right_to_left&#8221; text_align=&#8221;left&#8221; background_image_as_pattern=&#8221;without_pattern&#8221; background_color=&#8221;#ffffff&#8221; css=&#8221;.vc_custom_1485074874437{padding-top: 86px !important;padding-bottom: 0px !important;}&#8221;][vc_column width=&#8221;1\/2&#8243; offset=&#8221;vc_col-lg-6 vc_col-md-6&#8243;][vc_column_text]<\/p>\n<h3>Uma nova gera\u00e7\u00e3o de ferramentas inteligentes para alinhar os servi\u00e7os de TI com o neg\u00f3cio<\/h3>\n<p>[\/vc_column_text][vc_empty_space height=&#8221;29px&#8221;][vc_column_text]Entre as principais carateristicas de Obsidian, encontram-se as seguintes:<\/p>\n<ul>\n<li><strong>Redu\u00e7\u00e3o do tempo de rea\u00e7\u00e3o, <\/strong>mediante <em>dashboards <\/em>intuitivos que permitem localizar os problemas num piscar de olhos, minimizando o tempo de resposta.<\/li>\n<li><strong>Otimiza\u00e7\u00e3o da produtividade, <\/strong>reduzindo o esfor\u00e7o das equipas na procura da origen dos problemas.<\/li>\n<li><strong>Antecipa\u00e7\u00e3o de erros<\/strong>, mediante indicadores avan\u00e7ados a n\u00edvel de processos de neg\u00f3cio e servi\u00e7os de TI.<\/li>\n<li>Etc.<\/li>\n<\/ul>\n<p>[\/vc_column_text][vc_empty_space height=&#8221;29px&#8221;][\/vc_column][vc_column width=&#8221;1\/2&#8243; offset=&#8221;vc_col-lg-6 vc_col-md-6&#8243;][vc_single_image image=&#8221;5954&#8243; img_size=&#8221;full&#8221; qode_css_animation=&#8221;&#8221;][\/vc_column][\/vc_row][vc_row css_animation=&#8221;&#8221; row_type=&#8221;row&#8221; use_row_as_full_screen_section=&#8221;no&#8221; type=&#8221;grid&#8221; anchor=&#8221;features&#8221; angled_section=&#8221;no&#8221; text_align=&#8221;left&#8221; background_image_as_pattern=&#8221;without_pattern&#8221; background_color=&#8221;#f5f5f5&#8243; css=&#8221;.vc_custom_1483784397101{padding-top: 86px !important;padding-bottom: 50px !important;}&#8221;][vc_column width=&#8221;1\/2&#8243; offset=&#8221;vc_col-lg-6 vc_col-md-6&#8243;][vc_column_text]<\/p>\n<div style=\"width: 1060px;\" class=\"wp-video\"><video class=\"wp-video-shortcode\" id=\"video-2912-1\" width=\"1060\" height=\"663\" preload=\"metadata\" controls=\"controls\"><source type=\"video\/mp4\" src=\"https:\/\/www.obsidiansoft.com\/wp-content\/uploads\/introEN.mp4?_=1\" \/><a href=\"https:\/\/www.obsidiansoft.com\/wp-content\/uploads\/introEN.mp4\">https:\/\/www.obsidiansoft.com\/wp-content\/uploads\/introEN.mp4<\/a><\/video><\/div>\n<p>[\/vc_column_text][vc_empty_space height=&#8221;29px&#8221;][\/vc_column][vc_column width=&#8221;1\/2&#8243; offset=&#8221;vc_col-lg-6 vc_col-md-6&#8243;][vc_column_text]<\/p>\n<h3>O que \u00e9 a Obsidian<\/h3>\n<h3><\/h3>\n<p>[\/vc_column_text][vc_empty_space height=&#8221;29px&#8221;][vc_column_text]A Obsidian \u00e9 uma plataforma de Business Service Intelligence &amp; Analytics, inclu\u00edda na categoria AIOps domain-agnostic, desenhada com o objetivo de contribuir para alinhar os servi\u00e7os de TI com o neg\u00f3cio, proporcionando m\u00e9tricas e indicadores em tempo real, hist\u00f3ricos e preditivos atrav\u00e9s de dashboards e relat\u00f3rios inovadores.<\/p>\n<p>[\/vc_column_text][vc_empty_space height=&#8221;29px&#8221;][vc_column_text]A Obsidian proporciona uma vis\u00e3o hol\u00edstica do rendimento dos servi\u00e7os de TI e monitorizar e melhorar o seu atendimento com o neg\u00f3cio. A Obsidian combina potentes caracter\u00edsticas out-of-the-box com ferramentas avan\u00e7adas de personaliza\u00e7\u00e3o que a adequam para todo o tipo de fornecedor de servi\u00e7os de TI.[\/vc_column_text][\/vc_column][\/vc_row][vc_row css_animation=&#8221;&#8221; row_type=&#8221;row&#8221; use_row_as_full_screen_section=&#8221;no&#8221; type=&#8221;grid&#8221; angled_section=&#8221;no&#8221; text_align=&#8221;left&#8221; background_image_as_pattern=&#8221;without_pattern&#8221; background_color=&#8221;#ffffff&#8221; css=&#8221;.vc_custom_1485074898091{padding-bottom: 150px !important;}&#8221;][vc_column width=&#8221;1\/2&#8243; css=&#8221;.vc_custom_1464680205480{padding-right: 5% !important;}&#8221; offset=&#8221;vc_col-lg-3 vc_col-md-3&#8243;][vc_empty_space height=&#8221;44px&#8221;]<span data-type=\"circle\" data-hover-bg-color=\"#345c62\" data-hover-icon-color=\"#ffffff\" class=\"qode_icon_shortcode fa-stack q_font_awsome_icon_stack fa-lg pull-center \" style=\"font-size: 50px;font-size: 64px; \"><i class=\"fa fa-circle fa-stack-base fa-stack-2x\" style=\"color: #5f8085;\"><\/i><i class=\"qodef-icon-linea-icon icon-basic-chronometer qode_icon_element fa-stack-1x\" style=\"font-size: 50px;color: #ffffff;\" ><\/i><\/span>[vc_empty_space height=&#8221;21px&#8221;][vc_column_text]<\/p>\n<h5 style=\"text-align: center;\">QUANTIFICAR AUTOMATICAMENTE O CUMPRIMENTO DE SLAS<\/h5>\n<p>[\/vc_column_text][vc_empty_space height=&#8221;16px&#8221;][vc_column_text][\/vc_column_text][vc_empty_space height=&#8221;1px&#8221;][\/vc_column][vc_column width=&#8221;1\/2&#8243; offset=&#8221;vc_col-lg-3 vc_col-md-3&#8243; css=&#8221;.vc_custom_1464680366022{padding-right: 5% !important;}&#8221;][vc_empty_space height=&#8221;44px&#8221;]<span data-type=\"circle\" data-hover-bg-color=\"#345c62\" data-hover-icon-color=\"#ffffff\" class=\"qode_icon_shortcode fa-stack q_font_awsome_icon_stack fa-lg pull-center \" style=\"font-size: 50px;font-size: 64px; transition-delay: 0ms; -webkit-transition-delay: 0ms; -moz-transition-delay: 0ms; -o-transition-delay: 0ms;\"><i class=\"fa fa-circle fa-stack-base fa-stack-2x\" style=\"color: #5f8085;\"><\/i><i class=\"qodef-icon-linea-icon icon-ecommerce-graph-increase qode_icon_element fa-stack-1x\" style=\"font-size: 50px;color: #ffffff;\" ><\/i><\/span>[vc_empty_space height=&#8221;21px&#8221;][vc_column_text]<\/p>\n<h5 style=\"text-align: center;\">ASSEGURAR O ALINHAMENTO COM O NEG\u00d3CIO<\/h5>\n<p>[\/vc_column_text][vc_empty_space height=&#8221;16px&#8221;][vc_column_text][\/vc_column_text][vc_empty_space height=&#8221;1px&#8221;][\/vc_column][vc_column width=&#8221;1\/2&#8243; offset=&#8221;vc_col-lg-3 vc_col-md-3&#8243; css=&#8221;.vc_custom_1464680370438{padding-right: 5% !important;}&#8221;][vc_empty_space height=&#8221;44px&#8221;]<span data-type=\"circle\" data-hover-bg-color=\"#345c62\"  class=\"qode_icon_shortcode fa-stack q_font_awsome_icon_stack fa-lg pull-center \" style=\"font-size: 50px;font-size: 64px; transition-delay: 0ms; -webkit-transition-delay: 0ms; -moz-transition-delay: 0ms; -o-transition-delay: 0ms;\"><i class=\"fa fa-circle fa-stack-base fa-stack-2x\" style=\"color: #5f8085;\"><\/i><i class=\"qodef-icon-linea-icon icon-basic-todo-txt qode_icon_element fa-stack-1x\" style=\"font-size: 50px;color: #ffffff;\" ><\/i><\/span>[vc_empty_space height=&#8221;21px&#8221;][vc_column_text]<\/p>\n<h5 style=\"text-align: center;\">SUPORTE AOS PROCESSOS DE PRESTA\u00c7\u00c3O DE ITIL E DA ISO 20000<\/h5>\n<p>[\/vc_column_text][vc_empty_space height=&#8221;16px&#8221;][vc_column_text][\/vc_column_text][vc_empty_space height=&#8221;1px&#8221;][\/vc_column][vc_column width=&#8221;1\/2&#8243; offset=&#8221;vc_col-lg-3 vc_col-md-3&#8243; css=&#8221;.vc_custom_1464680219222{padding-right: 5% !important;}&#8221;][vc_empty_space height=&#8221;44px&#8221;]<span data-type=\"circle\" data-hover-bg-color=\"#345c62\" data-hover-icon-color=\"#ffffff\" class=\"qode_icon_shortcode fa-stack q_font_awsome_icon_stack fa-lg pull-center \" style=\"font-size: 50px;font-size: 64px; \"><i class=\"fa fa-circle fa-stack-base fa-stack-2x\" style=\"color: #5f8085;\"><\/i><i class=\"qodef-icon-linea-icon icon-basic-compass qode_icon_element fa-stack-1x\" style=\"font-size: 50px;color: #ffffff;\" ><\/i><\/span>[vc_empty_space height=&#8221;21px&#8221;][vc_column_text]<\/p>\n<h5 style=\"text-align: center;\">VIS\u00c3O HOL\u00cdSTICA DOS SERVI\u00c7OS DE TI<\/h5>\n<p>[\/vc_column_text][vc_empty_space height=&#8221;16px&#8221;][vc_column_text][\/vc_column_text][vc_empty_space height=&#8221;1px&#8221;][\/vc_column][\/vc_row][vc_row row_type=&#8221;parallax&#8221; parallax_content_width=&#8221;in_grid&#8221; anchor=&#8221;funcionalidades&#8221; text_align=&#8221;left&#8221; background_image=&#8221;1895&#8243; full_screen_section_height=&#8221;no&#8221; section_height=&#8221;150&#8243; el_id=&#8221;funcionalidades&#8221;][vc_column][vc_column_text css=&#8221;.vc_custom_1487677734293{padding-top: 60px !important;}&#8221;]<\/p>\n<h2><span style=\"color: #ffffff;\"><b>PRINCIPAIS FUNCIONALIDADES<\/b><\/span><\/h2>\n<p>[\/vc_column_text][\/vc_column][\/vc_row][vc_row css_animation=&#8221;&#8221; row_type=&#8221;row&#8221; use_row_as_full_screen_section=&#8221;no&#8221; type=&#8221;grid&#8221; angled_section=&#8221;no&#8221; text_align=&#8221;left&#8221; background_image_as_pattern=&#8221;without_pattern&#8221; background_color=&#8221;#ffffff&#8221; padding_top=&#8221;70&#8243; padding_bottom=&#8221;70&#8243;][vc_column][vc_column_text]<\/p>\n<p style=\"text-align: center;\">As principais funcionalidades da Obsidian resumem-se de seguida:<\/p>\n<p>[\/vc_column_text][vc_row_inner row_type=&#8221;row&#8221; type=&#8221;full_width&#8221; text_align=&#8221;left&#8221; padding_top=&#8221;70&#8243; css_animation=&#8221;&#8221;][vc_column_inner width=&#8221;1\/3&#8243;][vc_raw_html]JTNDZGl2JTIwY2xhc3MlM0QlMjdxX2ljb25fd2l0aF90aXRsZSUyMGxhcmdlJTIwbm9ybWFsX2ljb24lMjBjZW50ZXIlMjclM0UlM0NkaXYlMjBjbGFzcyUzRCUyMmljb25faG9sZGVyJTIwJTIyJTIwc3R5bGUlM0QlMjIlMjAlMjIlM0UlM0NzcGFuJTIwZGF0YS1pY29uLXR5cGUlM0QlMjJub3JtYWwlMjIlMjAlMjBkYXRhLWljb24taG92ZXItY29sb3IlM0QlMjIlMjMwMDAwMDAlMjIlMjBjbGFzcyUzRCUyMnFvZGVfaXd0X2ljb25faG9sZGVyJTIwcV9mb250X2F3c29tZV9pY29uJTIwZmEtNHglMjAlMjIlM0UlM0NpJTIwY2xhc3MlM0QlMjJxb2RlZi1pY29uLWxpbmVhLWljb24lMjBpY29uLWJhc2ljLXNoYXJlJTIwcW9kZV9pd3RfaWNvbl9lbGVtZW50JTIyJTIwc3R5bGUlM0QlMjJjb2xvciUzQSUyMCUyMzg5MGQwZCUzQiUyMiUyMCUzRSUzQyUyRmklM0UlM0MlMkZzcGFuJTNFJTNDJTJGZGl2JTNFJTNDZGl2JTIwY2xhc3MlM0QlMjJpY29uX3RleHRfaG9sZGVyJTIyJTIwc3R5bGUlM0QlMjIlMjIlM0UlM0NkaXYlMjBjbGFzcyUzRCUyMmljb25fdGV4dF9pbm5lciUyMiUyMHN0eWxlJTNEJTIyJTIyJTNFJTNDaDMlMjBjbGFzcyUzRCUyMmljb25fdGl0bGUlMjIlMjBzdHlsZSUzRCUyMiUyMiUzRU1vZGVsYSVDMyVBNyVDMyVBM28lMjBkZSUyMHNlcnZpJUMzJUE3b3MlM0MlMkZoMyUzRSUwQSUzQ3NwYW4lMjBzdHlsZSUzRCUyMm1hcmdpbiUzQSUyMDZweCUyMDBweCUzQiUyMiUyMGNsYXNzJTNEJTIyc2VwYXJhdG9yJTIwdHJhbnNwYXJlbnQlMjIlM0UlM0MlMkZzcGFuJTNFJTBBJTNDcCUyMGFsaWduJTNEbGVmdCUyMHN0eWxlJTNEJTIyJTIyJTNFJTBBTW9kZWxhJUMzJUE3JUMzJUEzbyUyMGRhJTIwYXJxdWl0ZXR1cmElMjBkb3MlMjBzZXJ2aSVDMyVBN29zJTIwZGUlMjBUSSUyQyUyMGFzJTIwc3VhcyUyMGRlcGVuZCVDMyVBQW5jaWFzJTIwZGUlMjBvdXRyb3MlMjBzZXJ2aSVDMyVBN29zJTIwaW50ZXJub3MlMjBlJTIwZXh0ZXJub3MlMjBlJTIwbyUyMHNldSUyMGltcGFjdG8lMjBub3MlMjBwcm9jZXNzb3MlMjBkZSUyMG5lZyVDMyVCM2Npby4lMEElMEElM0NiciUzRSUzQ2JyJTNFJTBBJTNDdWwlMjBhbGlnbiUzRGxlZnQlM0UlMEElMjAlMDklM0NsaSUzRURlc2VuaG8lMjAlM0NlbSUzRWRyYWclMjZhbXAlM0Jkcm9wJTNDJTJGZW0lM0UlMjBhJTIwcGFydGlyJTIwZGUlMjBtJUMzJUJBbHRpcGxhcyUyMGZvbnRlcyUzQyUyRmxpJTNFJTBBJTIwJTA5JTNDbGklM0VDb25zb2xhJTIwdmlzdWFsJTIwZGUlMjBtb2RlbGElQzMlQTclQzMlQTNvJTIwZGUlMjBzZXJ2aSVDMyVBN29zJTNDJTJGbGklM0UlMEElMjAlMjAlMjAlMjAlMjAlMjAlMjAlMjAlM0NsaSUzRU5vcm1hbGl6YSVDMyVBNyVDMyVBM28lMjBhdXRvbSVDMyVBMXRpY2ElMjBkZSUyMG0lQzMlQTl0cmljYXMlMjBlJTIwaW5kaWNhZG9yZXMlM0MlMkZsaSUzRSUwQSUyMCUwOSUzQ2xpJTNFTW9kZWxhJUMzJUE3JUMzJUEzbyUyMHNpbXVsdCVDMyVBMm5lYSUyMGRlJTIwdiVDMyVBMXJpb3MlMjBwcm9jZXNzb3MlMjBJVFNNJTNDJTJGbGklM0UlMEElMjAlMDklM0NsaSUzRSUzQ2ElMjBocmVmJTNEJTIyaHR0cHMlM0ElMkYlMkZ3d3cub2JzaWRpYW5zb2Z0LmNvbSUyRnB0JTJGbWFwYXMtaXNvbWV0cmljb3MlMkYlMjIlMjB0YXJnZXQlM0QlMjJfYmxhbmslMjIlM0VFZGklQzMlQTclQzMlQTNvJTIwZGUlMjBtYXBhcyUyMGlzb20lQzMlQTl0cmljb3MlM0MlMkZhJTNFJTNDJTJGbGklM0UlMEElM0MlMkZ1bCUzRSUwQSUzQyUyRnAlM0UlM0MlMkZkaXYlM0UlM0MlMkZkaXYlM0UlM0MlMkZkaXYlM0U=[\/vc_raw_html][vc_empty_space height=&#8221;10px&#8221;][\/vc_column_inner][vc_column_inner width=&#8221;1\/3&#8243;][vc_raw_html]JTNDZGl2JTIwY2xhc3MlM0QlMjdxX2ljb25fd2l0aF90aXRsZSUyMGxhcmdlJTIwbm9ybWFsX2ljb24lMjBjZW50ZXIlMjclM0UlM0NkaXYlMjBjbGFzcyUzRCUyMmljb25faG9sZGVyJTIwJTIyJTIwc3R5bGUlM0QlMjIlMjAlMjIlM0UlM0NzcGFuJTIwZGF0YS1pY29uLXR5cGUlM0QlMjJub3JtYWwlMjIlMjAlMjBkYXRhLWljb24taG92ZXItY29sb3IlM0QlMjIlMjMwMDAwMDAlMjIlMjAlMjBjbGFzcyUzRCUyMnFvZGVfaXd0X2ljb25faG9sZGVyJTIwcV9mb250X2F3c29tZV9pY29uJTIwZmEtNHglMjAlMjIlM0UlM0NpJTIwY2xhc3MlM0QlMjJxb2RlZi1pY29uLWxpbmVhLWljb24lMjBpY29uLWJhc2ljLWdlYXIlMjBxb2RlX2l3dF9pY29uX2VsZW1lbnQlMjIlMjBzdHlsZSUzRCUyMmNvbG9yJTNBJTIwJTIzODkwZDBkJTNCJTIyJTNFJTNDJTJGaSUzRSUzQyUyRnNwYW4lM0UlM0MlMkZkaXYlM0UlM0NkaXYlMjBjbGFzcyUzRCUyMmljb25fdGV4dF9ob2xkZXIlMjIlMjBzdHlsZSUzRCUyMiUyMiUzRSUzQ2RpdiUyMGNsYXNzJTNEJTIyaWNvbl90ZXh0X2lubmVyJTIyJTIwc3R5bGUlM0QlMjIlMjIlM0UlM0NoMyUyMGNsYXNzJTNEJTIyaWNvbl90aXRsZSUyMiUyMHN0eWxlJTNEJTIyJTIyJTNFQyVDMyVBMWxjdWxvJTIwZW0lMjB0ZW1wbyUyMHJlYWwlM0MlMkZoMyUzRSUwQSUzQ3NwYW4lMjBzdHlsZSUzRCUyMm1hcmdpbiUzQSUyMDZweCUyMDBweCUzQiUyMiUyMGNsYXNzJTNEJTIyc2VwYXJhdG9yJTIwdHJhbnNwYXJlbnQlMjIlM0UlM0MlMkZzcGFuJTNFJTBBJTNDcCUyMGFsaWduJTNEbGVmdCUyMHN0eWxlJTNEJTIyJTIyJTNFJTBBTW90b3IlMjBkZSUyMGMlQzMlQTFsY3VsbyUyMCUzQ2VtJTNFbXVsdGl0aHJlYWQlM0MlMkZlbSUzRSUyMHF1ZSUyMHBlcm1pdGUlMjBvJTIwYyVDMyVBMWxjdWxvJTIwcGFyYWxlbG8lMjBkZSUyMGluZGljYWRvcmVzJTIwZW0lMjB0ZW1wbyUyMHJlYWwlMjBkZSUyMG0lQzMlQkFsdGlwbG9zJTIwc2VydmklQzMlQTdvcyUyMGFzc2ltJTIwY29tbyUyMG8lMjBzZXUlMjBpbXBhY3RvJTIwbm9zJTIwcHJvY2Vzc29zJTIwZGUlMjBuZWclQzMlQjNjaW8uJTBBJTNDYnIlM0UlM0NiciUzRSUwQSUyMCUwOSUyMCUwOSUzQ3VsJTIwYWxpZ24lM0RsZWZ0JTNFJTBBJTIwJTA5JTIwJTA5JTIwJTNDbGklM0VDJUMzJUExbGN1bG8lMjBhdXRvbSVDMyVBMXRpY28lMjBkZSUyMGluZGljYWRvcmVzJTIwZW0lMjB0ZW1wbyUyMHJlYWwlMkMlMjBoaXN0JUMzJUIzcmljb3MlMjBlJTIwcHJlZGl0aXZvcyUzQyUyRmxpJTNFJTBBJTIwJTA5JTIwJTA5JTIwJTNDbGklM0VSZXNvbHUlQzMlQTclQzMlQTNvJTIwZGUlMjBkZXBlbmQlQzMlQUFuY2lhcyUyMGUlMjBkZSUyMHJlZmVyJUMzJUFBbmNpYXMlMjBjaXJjdWxhcmVzJTNDJTJGbGklM0UlMEElMjAlMjAlMjAlMjAlMjAlMjAlMjAlMjAlMjAlMjAlMjAlMjAlMjAlMjAlMjAlMjAlMjAlM0NsaSUzRUNvbnN0cnUlQzMlQTclQzMlQTNvJTIwZGUlMjBpbmRpY2Fkb3JlcyUyMHNpbnQlQzMlQTl0aWNvcyUzQyUyRmxpJTNFJTBBJTIwJTIwJTIwJTIwJTIwJTIwJTIwJTIwJTIwJTIwJTIwJTIwJTIwJTIwJTIwJTIwJTIwJTNDbGklM0VBbiVDMyVBMWxpc2UlMjBkZSUyMGxpbmhhcyUyMGRlJTIwdGVtcG8lM0MlMkZsaSUzRSUwQSUyMCUwOSUyMCUwOSUzQyUyRnVsJTNFJTBBJTNDJTJGcCUzRSUzQyUyRmRpdiUzRSUzQyUyRmRpdiUzRSUzQyUyRmRpdiUzRQ==[\/vc_raw_html][vc_empty_space height=&#8221;10px&#8221;][\/vc_column_inner][vc_column_inner width=&#8221;1\/3&#8243;][vc_raw_html]JTNDZGl2JTIwY2xhc3MlM0QlMjdxX2ljb25fd2l0aF90aXRsZSUyMGxhcmdlJTIwbm9ybWFsX2ljb24lMjBjZW50ZXIlMjclM0UlM0NkaXYlMjBjbGFzcyUzRCUyMmljb25faG9sZGVyJTIwJTIyJTIwc3R5bGUlM0QlMjIlMjAlMjIlM0UlM0NzcGFuJTIwZGF0YS1pY29uLXR5cGUlM0QlMjJub3JtYWwlMjIlMjAlMjBkYXRhLWljb24taG92ZXItY29sb3IlM0QlMjIlMjMwMDAwMDAlMjIlMjBjbGFzcyUzRCUyMnFvZGVfaXd0X2ljb25faG9sZGVyJTIwcV9mb250X2F3c29tZV9pY29uJTIwZmEtNHglMjAlMjIlM0UlM0NpJTIwY2xhc3MlM0QlMjJxb2RlZi1pY29uLWxpbmVhLWljb24lMjBpY29uLWJhc2ljLWFjY2VsZXJhdG9yJTIwcW9kZV9pd3RfaWNvbl9lbGVtZW50JTIyJTIwJTIwc3R5bGUlM0QlMjJjb2xvciUzQSUyMCUyMzg5MGQwZCUzQiUyMiUyMCUyMCUzRSUzQyUyRmklM0UlM0MlMkZzcGFuJTNFJTNDJTJGZGl2JTNFJTNDZGl2JTIwY2xhc3MlM0QlMjJpY29uX3RleHRfaG9sZGVyJTIyJTIwc3R5bGUlM0QlMjIlMjIlM0UlM0NkaXYlMjBjbGFzcyUzRCUyMmljb25fdGV4dF9pbm5lciUyMiUyMHN0eWxlJTNEJTIyJTIyJTNFJTNDaDMlMjBjbGFzcyUzRCUyMmljb25fdGl0bGUlMjIlMjBzdHlsZSUzRCUyMiUyMiUzRURhc2hib2FyZHMlMjBlJTIwcmVsYXQlQzMlQjNyaW9zJTNDJTJGaDMlM0UlMEElM0NzcGFuJTIwc3R5bGUlM0QlMjJtYXJnaW4lM0ElMjA2cHglMjAwcHglM0IlMjIlMjBjbGFzcyUzRCUyMnNlcGFyYXRvciUyMHRyYW5zcGFyZW50JTIyJTNFJTNDJTJGc3BhbiUzRSUwQSUzQ3AlMjBhbGlnbiUzRGxlZnQlMjBzdHlsZSUzRCUyMiUyMiUzRSUwQU0lQzMlQkFsdGlwbG9zJTIwZGFzaGJvYXJkcyUyMGUlMjByZWxhdCVDMyVCM3Jpb3MlMjAlM0NlbSUzRW91dC1vZi10aGUtYm94JTNDJTJGZW0lM0UlMjBhc3NpbSUyMGNvbW8lMjBmZXJyYW1lbnRhcyUyMHBhcmElMjBkZXNlbmhhciUyMHRvZG8lMjBvJTIwdGlvJTIwZGUlMjBkYXNoYm9hcmRzJTIwZSUyMHJlbGF0JUMzJUIzcmlvcyUyMGVzcGVjJUMzJUFEZmljb3MlMjBwb3IlMjB1dGlsaXphZG9yJTIwZSUyMGdydXBvJTIwZGUlMjB1dGlsaXphZG9yZXMuJTIwJTBBJTBBJTNDYnIlM0UlM0NiciUzRSUwQSUzQ3VsJTIwYWxpZ24lM0QlMjJsZWZ0JTIyJTNFJTBBJTIwJTA5JTNDbGklM0VQZXJzb25hbGl6YSVDMyVBNyVDMyVBM28lMjBkZSUyMHZpc3RhcyUyMGUlMjByZWxhdCVDMyVCM3Jpb3MlM0MlMkZsaSUzRSUwQSUyMCUyMCUyMCUyMCUyMCUyMCUyMCUyMCUzQ2xpJTNFJTNDYSUyMGhyZWYlM0QlMjJodHRwcyUzQSUyRiUyRnd3dy5vYnNpZGlhbnNvZnQuY29tJTJGcHQlMkZkYXRhMnRleHQlMkYlMjIlM0VJbnRlcnByZXRhJUMzJUE3JUMzJUEzbyUyMGF1dG9tJUMzJUExdGljYSUyMGVtJTIwbGluZ3VhZ2VtJTIwbmF0dXJhbCUyMGRhdGEydGV4dCUzQyUyRmElM0UlM0MlMkZsaSUzRSUwQSUyMCUwOSUzQ2xpJTNFRXhlY3UlQzMlQTclQzMlQTNvJTIwZGUlMjBjZW4lQzMlQTFyaW9zJTIwZGUlMjBzaW11bGElQzMlQTclQzMlQTNvJTNDJTJGbGklM0UlMjAlMEElM0NsaSUzRUFuJUMzJUExbGlzZSUyMGRvJTIwaW1wYWN0byUyMGRvJTIwbmVnJUMzJUIzY2lvJTNDJTJGbGklM0UlMEElM0NsaSUzRUlUJTIwQmFsYW5jZWQlMjBTY29yZWNhcmRzJTNDJTJGbGklM0UlMEElM0MlMkZ1bCUzRSUzQyUyRnAlM0UlM0MlMkZkaXYlM0UlM0MlMkZkaXYlM0UlM0MlMkZkaXYlM0U=[\/vc_raw_html][vc_empty_space height=&#8221;10px&#8221;][\/vc_column_inner][\/vc_row_inner][\/vc_column][\/vc_row][vc_row css_animation=&#8221;&#8221; row_type=&#8221;row&#8221; use_row_as_full_screen_section=&#8221;no&#8221; type=&#8221;grid&#8221; angled_section=&#8221;yes&#8221; angled_section_position=&#8221;bottom&#8221; angled_section_direction=&#8221;from_right_to_left&#8221; text_align=&#8221;left&#8221; background_image_as_pattern=&#8221;without_pattern&#8221; background_color=&#8221;#ffffff&#8221;][vc_column][vc_single_image image=&#8221;2166&#8243; img_size=&#8221;full&#8221; qode_css_animation=&#8221;&#8221;][\/vc_column][\/vc_row]<\/p>\n<\/div>","protected":false},"excerpt":{"rendered":"<p>[vc_row row_type=&#8221;parallax&#8221; parallax_content_width=&#8221;in_grid&#8221; anchor=&#8221;home&#8221; text_align=&#8221;left&#8221; background_image=&#8221;5729&#8243; full_screen_section_height=&#8221;no&#8221; section_height=&#8221;600&#8243;][vc_column][qode_elements_holder number_of_columns=&#8221;one_column&#8221;][qode_elements_holder_item item_padding=&#8221;0&#8243; vertical_alignment=&#8221;middle&#8221; advanced_animations=&#8221;no&#8221; item_padding_1024_1280=&#8221;0 43% 0 0&#8243; item_padding_768_1024=&#8221;14% 4% 17% 0&#8243; item_padding_600_768=&#8221;14% 4% 17% 0&#8243; item_padding_480_600=&#8221;16% 0 16%&#8221; item_padding_480=&#8221;16% 0 16%&#8221;][vc_empty_space height=&#8221;0px&#8221; el_class=&#8221;responseSpace&#8221;][vc_column_text] Obsidian [\/vc_column_text][vc_empty_space][vc_column_text] Plataforma de gest\u00e3o inteligente de servi\u00e7os de TI para o neg\u00f3cio&#8230;<\/p>\n","protected":false},"author":12,"featured_media":0,"parent":0,"menu_order":0,"comment_status":"closed","ping_status":"closed","template":"full_width.php","meta":{"content-type":"","om_disable_all_campaigns":false,"inline_featured_image":false,"_monsterinsights_skip_tracking":false,"_monsterinsights_sitenote_active":false,"_monsterinsights_sitenote_note":"","_monsterinsights_sitenote_category":0,"footnotes":""},"class_list":["post-2912","page","type-page","status-publish","hentry"],"_links":{"self":[{"href":"https:\/\/www.obsidiansoft.com\/pt\/wp-json\/wp\/v2\/pages\/2912","targetHints":{"allow":["GET"]}}],"collection":[{"href":"https:\/\/www.obsidiansoft.com\/pt\/wp-json\/wp\/v2\/pages"}],"about":[{"href":"https:\/\/www.obsidiansoft.com\/pt\/wp-json\/wp\/v2\/types\/page"}],"author":[{"embeddable":true,"href":"https:\/\/www.obsidiansoft.com\/pt\/wp-json\/wp\/v2\/users\/12"}],"replies":[{"embeddable":true,"href":"https:\/\/www.obsidiansoft.com\/pt\/wp-json\/wp\/v2\/comments?post=2912"}],"version-history":[{"count":5,"href":"https:\/\/www.obsidiansoft.com\/pt\/wp-json\/wp\/v2\/pages\/2912\/revisions"}],"predecessor-version":[{"id":7836,"href":"https:\/\/www.obsidiansoft.com\/pt\/wp-json\/wp\/v2\/pages\/2912\/revisions\/7836"}],"wp:attachment":[{"href":"https:\/\/www.obsidiansoft.com\/pt\/wp-json\/wp\/v2\/media?parent=2912"}],"curies":[{"name":"wp","href":"https:\/\/api.w.org\/{rel}","templated":true}]}}