{"id":4656,"date":"2017-03-17T21:49:52","date_gmt":"2017-03-17T20:49:52","guid":{"rendered":"https:\/\/www.obsidiansoft.com\/?page_id=4656\/"},"modified":"2017-06-06T17:48:33","modified_gmt":"2017-06-06T15:48:33","slug":"politica-de-privacidade-da-aplicacao-do-facebook-obsidian-bot","status":"publish","type":"page","link":"https:\/\/www.obsidiansoft.com\/pt\/politica-de-privacidade-da-aplicacao-do-facebook-obsidian-bot\/","title":{"rendered":"Pol\u00edtica de Privacidade da aplica\u00e7\u00e3o do Facebook Obsidian Bot"},"content":{"rendered":"<div class=\"wpb-content-wrapper\"><p>[vc_row css_animation=&#8221;&#8221; row_type=&#8221;row&#8221; use_row_as_full_screen_section=&#8221;no&#8221; type=&#8221;grid&#8221; angled_section=&#8221;yes&#8221; angled_section_position=&#8221;bottom&#8221; angled_section_direction=&#8221;from_right_to_left&#8221; text_align=&#8221;left&#8221; background_image_as_pattern=&#8221;without_pattern&#8221; background_color=&#8221;#ffffff&#8221;][vc_column][vc_column_text]<\/p>\n<div class=\"iub_header\">\n<h1>Pol\u00edtica de Privacidade da aplica\u00e7\u00e3o do Facebook\u00a0<strong>Obsidian Bot\u00a0<\/strong><\/h1>\n<p>Para receber informa\u00e7\u00f5es sobre os seus dados pessoais, os prop\u00f3sitos e as partes de informa\u00e7\u00e3o que s\u00e3o partilhadas, entre em contacto com o Propriet\u00e1rio.<\/p>\n<\/div>\n<div class=\"one_line_col\">\n<div class=\"one_line_col\">\n<h2>Controlador de Dados e Propriet\u00e1rio<\/h2>\n<\/div>\n<div class=\"one_line_col\">\n<h2>Tipos de Dados\u00a0recolhidos<\/h2>\n<p>Uso de Dados e outros dados coletados<\/p>\n<p>Outros Dados Pessoais recolhidos podem ser descritos noutras sec\u00e7\u00f5es desta pol\u00edtica de privacidade ou pelo texto explicativo espec\u00edfico apresentado no contexto da recolha de Dados.<br \/>\nOs Dados Pessoais podem ser livremente fornecidos pelo Utilizador, ou recolhidos automaticamente quando se utiliza esta Aplica\u00e7\u00e3o.<br \/>\nQualquer uso de Cookies &#8211; ou de outras ferramentas de rastreio &#8211; por esta Aplica\u00e7\u00e3o ou pelos propriet\u00e1rios dos servi\u00e7os utilizados por esta Aplica\u00e7\u00e3o, salvo indica\u00e7\u00e3o em contr\u00e1rio, servem para identificar os Utilizadores e lembrar as suas prefer\u00eancias, com o \u00fanico prop\u00f3sito de fornecer os servi\u00e7os requeridos pelos Utilizadores.<br \/>\nO n\u00e3o fornecimento de determinados Dados Pessoais pode tornar imposs\u00edvel para esta Aplica\u00e7\u00e3o prestar os seus servi\u00e7os.<\/p>\n<p>O Utilizador assume a responsabilidade pelos Dados Pessoais de terceiros publicados ou partilhados atrav\u00e9s deste servi\u00e7o (esta Aplica\u00e7\u00e3o) e confirma que tem o consentimento da terceira parte para fornecer Dados para o Propriet\u00e1rio.<\/p>\n<\/div>\n<div class=\"one_line_col\">\n<h2>Modo e local de processamento dos Dados<\/h2>\n<h3>M\u00e9todo de processamento<\/h3>\n<p>A Obsidian Soft\u00a0processa os dados de Usu\u00e1rios de forma adequada e tomar\u00e1 as medidas de seguran\u00e7a adequadas para impedir o acesso n\u00e3o autorizado, divulga\u00e7\u00e3o, altera\u00e7\u00e3o ou destrui\u00e7\u00e3o n\u00e3o autorizada dos Dados.<br \/>\nO processamento de dados \u00e9 realizado utilizando computadores e \/ou ferramentas de TI habilitadas, seguindo procedimentos organizacionais e meios estritamente relacionados com os fins indicados. Al\u00e9m da Obsidian Soft, em alguns casos, os Dados podem ser acedidos por certos tipos de pessoas envolvidas com a opera\u00e7\u00e3o do site (administra\u00e7\u00e3o, vendas, marketing, administra\u00e7\u00e3o legal do sistema) ou pessoas externas (como fornecedores de servi\u00e7os t\u00e9cnicos, carteiros, &#8220;hosting providers&#8221;, empresas de TI, ag\u00eancias de comunica\u00e7\u00e3o) nomeadas, quando necess\u00e1rio, como Processadores de Dados por parte do Propriet\u00e1rio. A lista atualizada destas partes pode ser solicitada \u00e0 Obsidian Soft\u00a0a qualquer momento.<\/p>\n<h3>Lugar<\/h3>\n<p>Os dados s\u00e3o processados nas sedes de opera\u00e7\u00e3o da Obsidian Soft, e em quaisquer outros lugares onde as partes envolvidas com o processamento estejam localizadas. Para mais informa\u00e7\u00f5es, por favor entre em contato com a Obsidian Soft.<\/p>\n<h3>Per\u00edodo de conserva\u00e7\u00e3o<\/h3>\n<p>Os Dados s\u00e3o mantidos pelo per\u00edodo necess\u00e1rio para prestar o servi\u00e7o solicitado pelo Utilizador, ou pelos fins descritos neste documento, e o Utilizador pode solicitar \u00e0 Obsidian Soft\u00a0para que os suspenda ou remova.<\/p>\n<\/div>\n<div class=\"one_line_col\">\n<h2>O Uso dos Dados coletados<\/h2>\n<p>Os Dados Pessoais utilizados para cada finalidade est\u00e3o descrito nas sec\u00e7\u00f5es espec\u00edficas deste documento.<\/p>\n<\/div>\n<div class=\"one_line_col\">\n<h2>Permiss\u00f5es do Facebook solicitadas por esta Aplica\u00e7\u00e3o<\/h2>\n<p>Esta Aplica\u00e7\u00e3o pode pedir algumas permiss\u00f5es no Facebook que permitem realizar a\u00e7\u00f5es com a conta de utilizador no Facebook e para recuperar as informa\u00e7\u00f5es, incluindo dados pessoais. Este servi\u00e7o permite que esta Aplica\u00e7\u00e3o se conecte com a conta do Utilizador na rede social Facebook, fornecido pelo Facebook Inc.<\/p>\n<p>Para mais informa\u00e7\u00f5es sobre as seguintes permiss\u00f5es, consulte a\u00a0<a href=\"https:\/\/developers.facebook.com\/docs\/authentication\/permissions\/\" target=\"_blank\" rel=\"noopener noreferrer\">documenta\u00e7\u00e3o de permiss\u00f5es Facebook<\/a>\u00a0e a\u00a0<a href=\"https:\/\/www.facebook.com\/about\/privacy\/\" target=\"_blank\" rel=\"noopener noreferrer\">pol\u00edtica de privacidade do Facebook<\/a>.<\/p>\n<p>As permiss\u00f5es solicitadas s\u00e3o as seguintes: Informa\u00e7\u00f5es b\u00e1sicas.<\/p>\n<\/div>\n<div class=\"one_line_col\">\n<h2>Informa\u00e7\u00f5es adicionais sobre a recolha e processamento de Dados<\/h2>\n<h3>A\u00e7\u00e3o jur\u00eddica<\/h3>\n<p>Os Dados Pessoais dos Utilizadores podem ser utilizados para fins jur\u00eddicos pela Obsidian Soft em ju\u00edzo ou nas etapas conducentes \u00e0 poss\u00edvel a\u00e7\u00e3o jur\u00eddica decorrente de uso indevido deste servi\u00e7o (esta Aplica\u00e7\u00e3o) ou dos servi\u00e7os relacionados.<br \/>\nO Utilizador declara estar ciente de que a Obsidian Soft poder\u00e1 ser obrigada a revelar os Dados Pessoais mediante solicita\u00e7\u00e3o das autoridades governamentais.<\/p>\n<h3>Informa\u00e7\u00f5es adicionais sobre os Dados Pessoais do Usu\u00e1rio<\/h3>\n<p>Al\u00e9m das informa\u00e7\u00f5es contidas nesta pol\u00edtica de privacidade, esta Aplica\u00e7\u00e3o poder\u00e1 fornecer ao Utilizador informa\u00e7\u00f5es adicionais e contextuais sobre os servi\u00e7os espec\u00edficos ou a recolha e processamento de Dados Pessoais mediante solicita\u00e7\u00e3o.<\/p>\n<h3>Logs do sistema e manuten\u00e7\u00e3o<\/h3>\n<p>Para fins de opera\u00e7\u00e3o e manuten\u00e7\u00e3o, esta Aplica\u00e7\u00e3o e quaisquer servi\u00e7os de terceiros poder\u00e3o recolher arquivos que gravam a intera\u00e7\u00e3o com esta Aplica\u00e7\u00e3o (Logs do sistema) ou usar, para este fim, outros Dados Pessoais (tais como endere\u00e7o IP).<\/p>\n<h3>As informa\u00e7\u00f5es n\u00e3o contidas nesta pol\u00edtica<\/h3>\n<p>Mais detalhes sobre a recolha ou processamento de Dados Pessoais podem ser solicitados \u00e0 Obsidian Soft a qualquer momento. Favor ver as informa\u00e7\u00f5es de contato no in\u00edcio deste documento.<\/p>\n<h3>Os direitos dos Utilizadores<\/h3>\n<p>Os Utilizadores t\u00eam o direito de, a qualquer momento, consultar a Obsidian Soft\u00a0para saber se os seus Dados Pessoais foram armazenados e saber mais sobre o conte\u00fado e origem, verificar a sua exatid\u00e3o ou para pedir que sejam completados, cancelados, atualizados ou corrigidos, ou que sejam transformados em formato an\u00f3nimo ou bloquear quaisquer dados mantidos em viola\u00e7\u00e3o da lei, bem como se op\u00f4r ao seu tratamento por quaisquer todas as raz\u00f5es leg\u00edtimas. Os pedidos devem ser enviados para a Obsidian Soft\u00a0usando a informa\u00e7\u00e3o de contato fornecida acima.<\/p>\n<p>Este Aplica\u00e7\u00e3o n\u00e3o suporta pedidos de \u201cDo Not Track\u201d.<br \/>\nPara determinar se qualquer um dos servi\u00e7os de terceiros que utiliza honram solicita\u00e7\u00f5es de \u201cDo Not Track\u201d, por favor leia as pol\u00edticas de privacidade.<\/p>\n<h3>Mudan\u00e7as nesta pol\u00edtica de privacidade<\/h3>\n<p>A Obsidian Soft\u00a0reserva-se ao direito de fazer altera\u00e7\u00f5es nesta pol\u00edtica de privacidade a qualquer momento, mediante comunica\u00e7\u00e3o aos seus Utilizadores nesta p\u00e1gina. \u00c9 altamente recomend\u00e1vel que esta p\u00e1gina seja consultada v\u00e1rias vezes em rela\u00e7\u00e3o \u00e0 \u00faltima modifica\u00e7\u00e3o descrita na parte inferior. Se o Utilizador n\u00e3o concorda com qualquer das altera\u00e7\u00f5es da Pol\u00edtica de Privacidade, o Utilizador deve cessar o uso deste servi\u00e7o (esta Aplica\u00e7\u00e3o) e pode solicitar ao Controlador de Dados que apague os Dados Pessoais. Salvo disposi\u00e7\u00e3o em contr\u00e1rio, a atual pol\u00edtica de privacidade aplica-se a todos os Dados Pessoais dos Utilizadores que a Obsidian Soft tiver.<\/p>\n<\/div>\n<\/div>\n<div class=\"one_line_col\"><\/div>\n<p>[\/vc_column_text][\/vc_column][\/vc_row]<\/p>\n<\/div>","protected":false},"excerpt":{"rendered":"<p>[vc_row css_animation=&#8221;&#8221; row_type=&#8221;row&#8221; use_row_as_full_screen_section=&#8221;no&#8221; type=&#8221;grid&#8221; angled_section=&#8221;yes&#8221; angled_section_position=&#8221;bottom&#8221; angled_section_direction=&#8221;from_right_to_left&#8221; text_align=&#8221;left&#8221; background_image_as_pattern=&#8221;without_pattern&#8221; background_color=&#8221;#ffffff&#8221;][vc_column][vc_column_text] Pol\u00edtica de Privacidade da aplica\u00e7\u00e3o do Facebook\u00a0Obsidian Bot\u00a0 Para receber informa\u00e7\u00f5es sobre os seus dados pessoais, os prop\u00f3sitos e as partes de informa\u00e7\u00e3o que s\u00e3o partilhadas, entre em contacto com o Propriet\u00e1rio. Controlador de&#8230;<\/p>\n","protected":false},"author":12,"featured_media":0,"parent":0,"menu_order":0,"comment_status":"closed","ping_status":"closed","template":"full_width.php","meta":{"content-type":"","om_disable_all_campaigns":false,"inline_featured_image":false,"_monsterinsights_skip_tracking":false,"_monsterinsights_sitenote_active":false,"_monsterinsights_sitenote_note":"","_monsterinsights_sitenote_category":0,"footnotes":""},"class_list":["post-4656","page","type-page","status-publish","hentry"],"_links":{"self":[{"href":"https:\/\/www.obsidiansoft.com\/pt\/wp-json\/wp\/v2\/pages\/4656","targetHints":{"allow":["GET"]}}],"collection":[{"href":"https:\/\/www.obsidiansoft.com\/pt\/wp-json\/wp\/v2\/pages"}],"about":[{"href":"https:\/\/www.obsidiansoft.com\/pt\/wp-json\/wp\/v2\/types\/page"}],"author":[{"embeddable":true,"href":"https:\/\/www.obsidiansoft.com\/pt\/wp-json\/wp\/v2\/users\/12"}],"replies":[{"embeddable":true,"href":"https:\/\/www.obsidiansoft.com\/pt\/wp-json\/wp\/v2\/comments?post=4656"}],"version-history":[{"count":0,"href":"https:\/\/www.obsidiansoft.com\/pt\/wp-json\/wp\/v2\/pages\/4656\/revisions"}],"wp:attachment":[{"href":"https:\/\/www.obsidiansoft.com\/pt\/wp-json\/wp\/v2\/media?parent=4656"}],"curies":[{"name":"wp","href":"https:\/\/api.w.org\/{rel}","templated":true}]}}