{"id":5190,"date":"2018-03-23T14:07:51","date_gmt":"2018-03-23T13:07:51","guid":{"rendered":"https:\/\/www.obsidiansoft.com\/?page_id=5190"},"modified":"2024-05-13T22:14:30","modified_gmt":"2024-05-13T20:14:30","slug":"obrigado-por-contactar-com-a-obsidian","status":"publish","type":"page","link":"https:\/\/www.obsidiansoft.com\/pt\/obrigado-por-contactar-com-a-obsidian\/","title":{"rendered":"Obrigado por contactar com a Obsidian"},"content":{"rendered":"<div class=\"wpb-content-wrapper\"><p>[vc_row css_animation=&#8221;&#8221; row_type=&#8221;row&#8221; use_row_as_full_screen_section=&#8221;no&#8221; type=&#8221;full_width&#8221; angled_section=&#8221;no&#8221; text_align=&#8221;left&#8221; background_image_as_pattern=&#8221;without_pattern&#8221;][vc_column width=&#8221;2\/3&#8243;][vc_column_text]<\/p>\n<h2><strong>Obrigado pelo seu contacto<\/strong><\/h2>\n<p>&nbsp;<\/p>\n<p>Recebemos o seu pedido de informa\u00e7\u00f5es. Obrigado por nos contactar.<br \/>\nSe o seu contacto for urgente, use os n\u00fameros de telefone \u00e0 direita para falar com um membro da nossa equipa. Caso contr\u00e1rio, responderemos por email o mais r\u00e1pido poss\u00edvel.[\/vc_column_text][vc_column_text]Al\u00e9m disso, pode se inscrever na <a class=\"inbound-track-link\" href=\"https:\/\/www.obsidiansoft.com\/pt\/newsletter\/\" target=\"_blank\" rel=\"noopener noreferrer\">newsletter<\/a> ou no <a href=\"https:\/\/www.youtube.com\/channel\/UCCbaQSQvLT9et2a1eGvohfg?sub_confirmation=1\" target=\"_blank\">canal de YouTube da Obsidian<\/a>. Tem atualmente 1570 subscritores. Considere tamb\u00e9m ler nosso <a class=\"inbound-track-link\" href=\"https:\/\/www.obsidiansoft.com\/pt\/blog\/\" target=\"_blank\" rel=\"noopener noreferrer\">blog<\/a>, bem como <a class=\"inbound-track-link\" href=\"https:\/\/www.obsidiansoft.com\/pt\/noticias\/\" target=\"_blank\" rel=\"noopener noreferrer\">a sec\u00e7\u00e3o de not\u00edcias<\/a> para acessar recursos adicionais sobre a Obsidian. Finalmente, pode nos seguir nas redes sociais <a class=\"inbound-track-link\" href=\"https:\/\/www.linkedin.com\/company\/15144175\" target=\"_blank\" rel=\"noopener noreferrer\">linked-in<\/a>, <a class=\"inbound-track-link\" href=\"https:\/\/www.facebook.com\/obsidiansoftware\" target=\"_blank\" rel=\"noopener noreferrer\">facebook<\/a> e <a class=\"inbound-track-link\" href=\"https:\/\/twitter.com\/intent\/user?screen_name=Obsidian_Soft\" target=\"_blank\" rel=\"noopener noreferrer\">twitter<\/a>.<\/p>\n<div class=\"g-ytsubscribe\" data-channelid=\"UCCbaQSQvLT9et2a1eGvohfg\" data-layout=\"default\" data-count=\"default\"><\/div>[\/vc_column_text][\/vc_column][vc_column width=&#8221;1\/3&#8243;][vc_column_text]info@obsidiansoft.com<\/p>\n<p>&nbsp;<\/p>\n<p><strong>Madrid<\/strong><\/p>\n<p>Av. General Per\u00f3n 29, planta 16 \u00b7 28020 \u00b7 Madrid<\/p>\n<p>Tel: +34 91 781 09 57<\/p>\n<p>&nbsp;<\/p>\n<p><strong>Barcelona<\/strong><\/p>\n<p>Pla\u00e7a Universitat, 3 &#8211; 7\u00ba 1\u00aa \u00b7 08007 \u00b7 Barcelona<\/p>\n<p>Tel: +34 93 394 19 90<\/p>\n<p>&nbsp;<\/p>\n<p><strong>Santiago<\/strong><\/p>\n<p>C\/ Barrosa 67 B \u00b7 15896 \u00b7 Santiago\u00a0 de Compostela<\/p>\n<p>Tel: +34 881 906 417<\/p>\n<p>&nbsp;<\/p>\n<p><strong>Lisboa<\/strong><\/p>\n<p>Rua Flores de Lima 16 \u00b7 1700-196 \u00b7 Lisboa<\/p>\n<p>Tel: +351 21 073 77 00[\/vc_column_text][\/vc_column][\/vc_row]<\/p>\n<\/div>","protected":false},"excerpt":{"rendered":"<p>[vc_row css_animation=&#8221;&#8221; row_type=&#8221;row&#8221; use_row_as_full_screen_section=&#8221;no&#8221; type=&#8221;full_width&#8221; angled_section=&#8221;no&#8221; text_align=&#8221;left&#8221; background_image_as_pattern=&#8221;without_pattern&#8221;][vc_column width=&#8221;2\/3&#8243;][vc_column_text] Obrigado pelo seu contacto &nbsp; Recebemos o seu pedido de informa\u00e7\u00f5es. Obrigado por nos contactar. Se o seu contacto for urgente, use os n\u00fameros de telefone \u00e0 direita para falar com um membro da nossa equipa&#8230;.<\/p>\n","protected":false},"author":12,"featured_media":0,"parent":0,"menu_order":0,"comment_status":"closed","ping_status":"closed","template":"","meta":{"content-type":"","om_disable_all_campaigns":false,"inline_featured_image":false,"_monsterinsights_skip_tracking":false,"_monsterinsights_sitenote_active":false,"_monsterinsights_sitenote_note":"","_monsterinsights_sitenote_category":0,"footnotes":""},"class_list":["post-5190","page","type-page","status-publish","hentry"],"_links":{"self":[{"href":"https:\/\/www.obsidiansoft.com\/pt\/wp-json\/wp\/v2\/pages\/5190","targetHints":{"allow":["GET"]}}],"collection":[{"href":"https:\/\/www.obsidiansoft.com\/pt\/wp-json\/wp\/v2\/pages"}],"about":[{"href":"https:\/\/www.obsidiansoft.com\/pt\/wp-json\/wp\/v2\/types\/page"}],"author":[{"embeddable":true,"href":"https:\/\/www.obsidiansoft.com\/pt\/wp-json\/wp\/v2\/users\/12"}],"replies":[{"embeddable":true,"href":"https:\/\/www.obsidiansoft.com\/pt\/wp-json\/wp\/v2\/comments?post=5190"}],"version-history":[{"count":2,"href":"https:\/\/www.obsidiansoft.com\/pt\/wp-json\/wp\/v2\/pages\/5190\/revisions"}],"predecessor-version":[{"id":7947,"href":"https:\/\/www.obsidiansoft.com\/pt\/wp-json\/wp\/v2\/pages\/5190\/revisions\/7947"}],"wp:attachment":[{"href":"https:\/\/www.obsidiansoft.com\/pt\/wp-json\/wp\/v2\/media?parent=5190"}],"curies":[{"name":"wp","href":"https:\/\/api.w.org\/{rel}","templated":true}]}}